{"id":85,"date":"2016-04-22T12:33:16","date_gmt":"2016-04-22T11:33:16","guid":{"rendered":"http:\/\/profilan.cz\/?page_id=85"},"modified":"2017-03-21T19:26:24","modified_gmt":"2017-03-21T18:26:24","slug":"it-sluzby","status":"publish","type":"page","link":"https:\/\/profilan.cz\/?page_id=85","title":{"rendered":"IT slu\u017eby"},"content":{"rendered":"<p>[et_pb_section bb_built=&#8220;1&#8243; admin_label=&#8220;section&#8220; background_image=&#8220;http:\/\/profilan.cz\/wp-content\/uploads\/2017\/03\/back-profilan.jpg&#8220; background_color=&#8220;#f7f7f7&#8243; inner_shadow=&#8220;on&#8220; parallax=&#8220;on&#8220; fullwidth=&#8220;on&#8220;][et_pb_fullwidth_header admin_label=&#8220;Fullwidth Header&#8220; title=&#8220;Servery, cloud, hosting, servis pc&#8220; text_orientation=&#8220;center&#8220; title_font_size=&#8220;42px&#8220; background_layout=&#8220;light&#8220; header_fullscreen=&#8220;off&#8220; header_scroll_down=&#8220;off&#8220; parallax=&#8220;off&#8220; parallax_method=&#8220;off&#8220; content_orientation=&#8220;center&#8220; image_orientation=&#8220;center&#8220; custom_button_one=&#8220;off&#8220; button_one_letter_spacing=&#8220;0&#8243; button_one_use_icon=&#8220;default&#8220; button_one_icon_placement=&#8220;right&#8220; button_one_on_hover=&#8220;on&#8220; button_one_letter_spacing_hover=&#8220;0&#8243; custom_button_two=&#8220;off&#8220; button_two_letter_spacing=&#8220;0&#8243; button_two_use_icon=&#8220;default&#8220; button_two_icon_placement=&#8220;right&#8220; button_two_on_hover=&#8220;on&#8220; button_two_letter_spacing_hover=&#8220;0&#8243; \/][\/et_pb_section][et_pb_section bb_built=&#8220;1&#8243; admin_label=&#8220;section&#8220;][et_pb_row admin_label=&#8220;\u0158\u00e1dek&#8220;][et_pb_column type=&#8220;2_3&#8243;][et_pb_text admin_label=&#8220;Text&#8220;]<\/p>\n<ul>\n<li>Spr\u00e1va server\u016f<\/li>\n<li>Webhosting<\/li>\n<li>Mail servery SMTP, IMAP<\/li>\n<li>Cloudy<\/li>\n<li>Konfigurace s\u00edti optick\u00fdch, metalick\u00fdch bezdr\u00e1tov\u00fdch<\/li>\n<li>Opravy a upgrade PC<\/li>\n<li>Instalace opera\u010dn\u00edch syst\u00e9m\u016f a aplikac\u00ed<\/li>\n<li>Obnova dat<\/li>\n<li>\u010ci\u0161t\u011bn\u00ed notebook\u016f<\/li>\n<\/ul>\n<p><a href=\"\/#contact\">Kontaktujte n\u00e1s<\/a>, pokud m\u00e1te z\u00e1jem o kteroukoliv z na\u0161ich slu\u017eeb.<\/p>\n<p>[\/et_pb_text][\/et_pb_column][et_pb_column type=&#8220;1_3&#8243;][et_pb_image admin_label=&#8220;Obr\u00e1zek&#8220; src=&#8220;http:\/\/profilan.cz\/wp-content\/uploads\/2016\/04\/ANTENA-kopie.jpg&#8220; show_in_lightbox=&#8220;off&#8220; url_new_window=&#8220;off&#8220; use_overlay=&#8220;off&#8220; animation=&#8220;left&#8220; sticky=&#8220;off&#8220; align=&#8220;left&#8220; force_fullwidth=&#8220;off&#8220; always_center_on_mobile=&#8220;on&#8220; use_border_color=&#8220;off&#8220; border_color=&#8220;#ffffff&#8220; border_style=&#8220;solid&#8220; \/][\/et_pb_column][\/et_pb_row][\/et_pb_section]<\/p>\n","protected":false},"excerpt":{"rendered":"<p>Spr\u00e1va server\u016f Webhosting Mail servery SMTP, IMAP Cloudy Konfigurace s\u00edti optick\u00fdch, metalick\u00fdch bezdr\u00e1tov\u00fdch Opravy a upgrade PC Instalace opera\u010dn\u00edch syst\u00e9m\u016f a aplikac\u00ed Obnova dat \u010ci\u0161t\u011bn\u00ed notebook\u016f Kontaktujte n\u00e1s, pokud m\u00e1te z\u00e1jem o kteroukoliv z na\u0161ich slu\u017eeb.<\/p>\n","protected":false},"author":4,"featured_media":0,"parent":0,"menu_order":4,"comment_status":"closed","ping_status":"closed","template":"","meta":{"_et_pb_use_builder":"on","_et_pb_old_content":"<ul><li>Spr\u00e1va server\u016f<\/li><li>Webhosting<\/li><li>Mail servery SMTP, IMAP<\/li><li>Cloudy<\/li><li>Konfigurace s\u00edti optick\u00fdch, metalick\u00fdch bezdr\u00e1tov\u00fdch<\/li><li>Opravy a upgrade PC<\/li><li>Instalace opera\u010dn\u00edch syst\u00e9m\u016f a aplikac\u00ed<\/li><li>Obnova dat<\/li><li>\u010ci\u0161t\u011bn\u00ed notebook\u016f<\/li><\/ul><p><a href=\"\/#contact\">Kontaktujte n\u00e1s<\/a>, pokud m\u00e1te z\u00e1jem o kteroukoliv z na\u0161ich slu\u017eeb.<\/p>","_et_gb_content_width":""},"_links":{"self":[{"href":"https:\/\/profilan.cz\/index.php?rest_route=\/wp\/v2\/pages\/85"}],"collection":[{"href":"https:\/\/profilan.cz\/index.php?rest_route=\/wp\/v2\/pages"}],"about":[{"href":"https:\/\/profilan.cz\/index.php?rest_route=\/wp\/v2\/types\/page"}],"author":[{"embeddable":true,"href":"https:\/\/profilan.cz\/index.php?rest_route=\/wp\/v2\/users\/4"}],"replies":[{"embeddable":true,"href":"https:\/\/profilan.cz\/index.php?rest_route=%2Fwp%2Fv2%2Fcomments&post=85"}],"version-history":[{"count":6,"href":"https:\/\/profilan.cz\/index.php?rest_route=\/wp\/v2\/pages\/85\/revisions"}],"predecessor-version":[{"id":318,"href":"https:\/\/profilan.cz\/index.php?rest_route=\/wp\/v2\/pages\/85\/revisions\/318"}],"wp:attachment":[{"href":"https:\/\/profilan.cz\/index.php?rest_route=%2Fwp%2Fv2%2Fmedia&parent=85"}],"curies":[{"name":"wp","href":"https:\/\/api.w.org\/{rel}","templated":true}]}}