{"id":72,"date":"2016-04-17T10:01:01","date_gmt":"2016-04-17T09:01:01","guid":{"rendered":"http:\/\/profilan.cz\/?page_id=72"},"modified":"2017-03-19T19:37:18","modified_gmt":"2017-03-19T18:37:18","slug":"podpora","status":"publish","type":"page","link":"https:\/\/profilan.cz\/?page_id=72","title":{"rendered":"Podpora"},"content":{"rendered":"<p>[et_pb_section fb_built=&#8220;1&#8243; background_image=&#8220;http:\/\/profilan.cz\/wp-content\/uploads\/2017\/03\/back-profilan.jpg&#8220; background_color=&#8220;#f7f7f7&#8243; inner_shadow=&#8220;on&#8220; parallax=&#8220;on&#8220; fullwidth=&#8220;on&#8220; admin_label=&#8220;section&#8220;][et_pb_fullwidth_header title=&#8220;Technick\u00e1 podpora&#8220; text_orientation=&#8220;center&#8220; admin_label=&#8220;Fullwidth Header&#8220; title_font_size=&#8220;42px&#8220;][\/et_pb_fullwidth_header][\/et_pb_section][et_pb_section fb_built=&#8220;1&#8243; admin_label=&#8220;section&#8220;][et_pb_row admin_label=&#8220;row&#8220;][et_pb_column type=&#8220;4_4&#8243; parallax=&#8220;off&#8220; parallax_method=&#8220;on&#8220;][et_pb_text admin_label=&#8220;Text&#8220;]<\/p>\n<ul>\n<li>vzd\u00e1len\u00e1 pomoc p\u0159es Teamviewer<\/li>\n<li>nastaven\u00ed IP adresy (Windows XP, Windows\u00a07, Windows 8, Windows 10)<\/li>\n<li>zji\u0161t\u011bn\u00ed IP adresy a DNS serveru<\/li>\n<li>nastaven\u00ed DNS serveru (Windows XP, Windows 7, Windows 8, Windows 10)<\/li>\n<li>nastaven\u00ed p\u0159\u00edchoz\u00ed a odchoz\u00ed po\u0161ty SMTP, IMAP (MS Outlook)<\/li>\n<\/ul>\n<p><a href=\"http:\/\/profilan.cz\/#contact\">Kontaktujte<\/a> n\u00e1s v p\u0159\u00edpad\u011b po\u017eadavku\u00a0podpory.<\/p>\n<p>[\/et_pb_text][\/et_pb_column][\/et_pb_row][\/et_pb_section]<\/p>\n","protected":false},"excerpt":{"rendered":"<p>vzd\u00e1len\u00e1 pomoc p\u0159es Teamviewer nastaven\u00ed IP adresy (Windows XP, Windows\u00a07, Windows 8, Windows 10) zji\u0161t\u011bn\u00ed IP adresy a DNS serveru nastaven\u00ed DNS serveru (Windows XP, Windows 7, Windows 8, Windows 10) nastaven\u00ed p\u0159\u00edchoz\u00ed a odchoz\u00ed po\u0161ty SMTP, IMAP (MS Outlook) Kontaktujte n\u00e1s v p\u0159\u00edpad\u011b po\u017eadavku\u00a0podpory.<\/p>\n","protected":false},"author":4,"featured_media":0,"parent":85,"menu_order":0,"comment_status":"closed","ping_status":"closed","template":"","meta":{"_et_pb_use_builder":"on","_et_pb_old_content":"","_et_gb_content_width":""},"_links":{"self":[{"href":"https:\/\/profilan.cz\/index.php?rest_route=\/wp\/v2\/pages\/72"}],"collection":[{"href":"https:\/\/profilan.cz\/index.php?rest_route=\/wp\/v2\/pages"}],"about":[{"href":"https:\/\/profilan.cz\/index.php?rest_route=\/wp\/v2\/types\/page"}],"author":[{"embeddable":true,"href":"https:\/\/profilan.cz\/index.php?rest_route=\/wp\/v2\/users\/4"}],"replies":[{"embeddable":true,"href":"https:\/\/profilan.cz\/index.php?rest_route=%2Fwp%2Fv2%2Fcomments&post=72"}],"version-history":[{"count":3,"href":"https:\/\/profilan.cz\/index.php?rest_route=\/wp\/v2\/pages\/72\/revisions"}],"predecessor-version":[{"id":245,"href":"https:\/\/profilan.cz\/index.php?rest_route=\/wp\/v2\/pages\/72\/revisions\/245"}],"up":[{"embeddable":true,"href":"https:\/\/profilan.cz\/index.php?rest_route=\/wp\/v2\/pages\/85"}],"wp:attachment":[{"href":"https:\/\/profilan.cz\/index.php?rest_route=%2Fwp%2Fv2%2Fmedia&parent=72"}],"curies":[{"name":"wp","href":"https:\/\/api.w.org\/{rel}","templated":true}]}}