{"id":70,"date":"2016-04-17T09:40:16","date_gmt":"2016-04-17T08:40:16","guid":{"rendered":"http:\/\/profilan.cz\/?page_id=70"},"modified":"2017-03-21T19:30:08","modified_gmt":"2017-03-21T18:30:08","slug":"vseobecne-podminky","status":"publish","type":"page","link":"https:\/\/profilan.cz\/?page_id=70","title":{"rendered":"V\u0161eobecn\u00e9 podm\u00ednky"},"content":{"rendered":"<p>[et_pb_section bb_built=&#8220;1&#8243; admin_label=&#8220;section&#8220; background_image=&#8220;http:\/\/profilan.cz\/wp-content\/uploads\/2017\/03\/back-profilan.jpg&#8220; background_color=&#8220;#f7f7f7&#8243; inner_shadow=&#8220;on&#8220; parallax=&#8220;on&#8220; fullwidth=&#8220;on&#8220;][et_pb_fullwidth_header admin_label=&#8220;Fullwidth Header&#8220; title=&#8220;V\u0161eobecn\u00e9 podm\u00ednky&#8220; text_orientation=&#8220;center&#8220; title_font_size=&#8220;42px&#8220; background_layout=&#8220;light&#8220; header_fullscreen=&#8220;off&#8220; header_scroll_down=&#8220;off&#8220; parallax=&#8220;on&#8220; parallax_method=&#8220;off&#8220; content_orientation=&#8220;center&#8220; image_orientation=&#8220;center&#8220; custom_button_one=&#8220;off&#8220; button_one_letter_spacing=&#8220;0&#8243; button_one_use_icon=&#8220;default&#8220; button_one_icon_placement=&#8220;right&#8220; button_one_on_hover=&#8220;on&#8220; button_one_letter_spacing_hover=&#8220;0&#8243; custom_button_two=&#8220;off&#8220; button_two_letter_spacing=&#8220;0&#8243; button_two_use_icon=&#8220;default&#8220; button_two_icon_placement=&#8220;right&#8220; button_two_on_hover=&#8220;on&#8220; button_two_letter_spacing_hover=&#8220;0&#8243; background_url=&#8220;http:\/\/profilan.cz\/wp-content\/uploads\/2017\/03\/back-profilan.jpg&#8220; \/][\/et_pb_section][et_pb_section bb_built=&#8220;1&#8243; admin_label=&#8220;Sekce&#8220; fullwidth=&#8220;off&#8220; specialty=&#8220;off&#8220;][et_pb_row admin_label=&#8220;\u0158\u00e1dek&#8220;][et_pb_column type=&#8220;1_2&#8243;][et_pb_text admin_label=&#8220;Text&#8220; background_layout=&#8220;light&#8220; text_orientation=&#8220;left&#8220; use_border_color=&#8220;off&#8220; border_color=&#8220;#ffffff&#8220; border_style=&#8220;solid&#8220;]<\/p>\n<h1>Vzorov\u00e1 smlouva poskytov\u00e1n\u00ed slu\u017eeb<\/h1>\n<p>[\/et_pb_text][et_pb_text admin_label=&#8220;Text&#8220; background_layout=&#8220;light&#8220; text_orientation=&#8220;left&#8220; use_border_color=&#8220;off&#8220; border_color=&#8220;#ffffff&#8220; border_style=&#8220;solid&#8220;]<\/p>\n<p><a href=\"http:\/\/profilan.cz\/wp-content\/uploads\/2016\/04\/Profilan-Nahled_smlouvy-2016-1.doc\"><strong>N\u00e1hled vzorov\u00e9 smlouvy ZDE<\/strong><\/a><\/p>\n<p>[\/et_pb_text][\/et_pb_column][et_pb_column type=&#8220;1_2&#8243;][et_pb_image admin_label=&#8220;Obr\u00e1zek&#8220; src=&#8220;http:\/\/profilan.cz\/wp-content\/uploads\/2016\/04\/profilan-logo1-1.png&#8220; show_in_lightbox=&#8220;off&#8220; url_new_window=&#8220;off&#8220; use_overlay=&#8220;off&#8220; animation=&#8220;left&#8220; sticky=&#8220;off&#8220; align=&#8220;center&#8220; force_fullwidth=&#8220;off&#8220; always_center_on_mobile=&#8220;on&#8220; use_border_color=&#8220;off&#8220; border_color=&#8220;#ffffff&#8220; border_style=&#8220;solid&#8220; max_width=&#8220;250px&#8220; \/][\/et_pb_column][\/et_pb_row][et_pb_row admin_label=&#8220;\u0158\u00e1dek&#8220;][et_pb_column type=&#8220;4_4&#8243;][et_pb_text admin_label=&#8220;Text&#8220; background_layout=&#8220;light&#8220; text_orientation=&#8220;left&#8220; use_border_color=&#8220;off&#8220; border_color=&#8220;#ffffff&#8220; border_style=&#8220;solid&#8220;]<\/p>\n<h1>V\u0161eobecn\u00e9 podm\u00ednky<\/h1>\n<p>[\/et_pb_text][et_pb_text admin_label=&#8220;Text&#8220; background_layout=&#8220;light&#8220; text_orientation=&#8220;left&#8220; use_border_color=&#8220;off&#8220; border_color=&#8220;#ffffff&#8220; border_style=&#8220;solid&#8220;]<\/p>\n<p><strong>V\u0161eobecn\u00e9 podm\u00ednky poskytov\u00e1n\u00ed ve\u0159ejn\u00fdch telekomunika\u010dn\u00edch slu\u017eeb PROFILAN Group vydan\u00e9 podle z\u00e1kona \u010d . 127\/2005 Sb. o elektronick\u00fdch komunikac\u00edch.<br \/>\n<\/strong><\/p>\n<ol>\n<li><strong> \u00davodn\u00ed ustanoven\u00ed<\/strong><\/li>\n<\/ol>\n<p>1.1. Firma MO BYRTUS s.r.o. Starom\u011bstsk\u00e1 478, 739 61 T\u0159inec  jako poskytovatel ve\u0159ejn\u00fdch telekomunika\u010dn\u00edch slu\u017eeb (d\u00e1le v textu jako \u201eposkytovatel\u201c) stanovuje tyto v\u0161eobecn\u00e9 podm\u00ednky poskytov\u00e1n\u00ed ve\u0159ejn\u00fdch telekomunika\u010dn\u00edch slu\u017eeb (d\u00e1le v textu jen \u201etelekomunika\u010dn\u00ed slu\u017eby\u201c) podle z\u00e1kona \u010d .127\/2005 Sb. o telekomunikac\u00edch. (d\u00e1le v textu jen \u201ev\u0161eobecn\u00e9 podm\u00ednky\u201c), na z\u00e1klad\u011b smlouvy o u\u017e\u00edvan\u00ed telekomunika\u010dn\u00edch slu\u017eeb (d\u00e1le v textu jen \u201esmlouva\u201c), uzav\u0159en\u00e9 mezi poskytovatelem na jedn\u00e9 stran\u011b a u\u017eivatelem ve\u0159ejn\u00e9 telekomunika\u010dn\u00ed slu\u017eby (d\u00e1le v\u00a0textu jen \u201eu\u017eivatel\u201c) na stran\u011b druh\u00e9. Poskytovatel poskytuje sv\u00e9 telekomunika\u010dn\u00ed slu\u017eby u\u017eivatel\u016fm na z\u00e1klad\u011b ozn\u00e1men\u00ed komunika\u010dn\u00ed \u010dinnosti podle \u00a7 13 z\u00e1kona \u010d. 127\/2005 Sb., o elektronick\u00fdch komunikac\u00edch, vydan\u00e9ho \u010cT\u00da.<\/p>\n<ol start=\"2\">\n<li><strong> Podm\u00ednky pro uzav\u0159en\u00ed smlouvy.<\/strong><\/li>\n<\/ol>\n<p><strong>\u00a0<\/strong>2.1. Podm\u00ednkou na uzav\u0159en\u00ed smlouvy je akceptov\u00e1n\u00ed v\u0161eobecn\u00fdch podm\u00ednek u\u017eivatelem.<\/p>\n<p>2.2. V\u0161eobecn\u00e9 podm\u00ednky v\u010detn\u011b jej\u00edch p\u0159\u00edloh jsou sou\u010d\u00e1st\u00ed smlouvy.<\/p>\n<p>2.3. Smluvn\u00edm partnerem pro u\u017eivatele jako \u00fa\u010dastn\u00edka smlouvy je poskytovatel, firma MO BYRTUS s.r.o. Starom\u011bstsk\u00e1 478, 739 61 T\u0159inec, I\u010cO: 09991506 DI\u010c\/Vat: CZ09991506<\/p>\n<p>2.4. Smlouva mus\u00ed obsahovat identifika\u010dn\u00ed \u00fadaje u\u017eivatele a v\u0161echny dal\u0161\u00ed \u00fadaje nevyhnutn\u00e9 k \u0159\u00e1dn\u00e9mu poskytov\u00e1n\u00ed telekomunika\u010dn\u00ed slu\u017eby, v\u010detn\u011b doby kdy m\u00e1 b\u00fdt slu\u017eba poskytnuta.<\/p>\n<p>2.5. Poskytovatel m\u00e1 pr\u00e1vo odm\u00edtnout uzav\u0159en\u00ed smlouvy v n\u00e1sleduj\u00edc\u00edch p\u0159\u00edpadech<\/p>\n<ol>\n<li>a) poskytnut\u00ed slu\u017eby na po\u017eadovan\u00e9m m\u00edst\u011b nebo v rozsahu, kter\u00fd je technicky neuskute\u010dniteln\u00fd.<\/li>\n<li>b) u\u017eivatel ned\u00e1v\u00e1 z\u00e1ruku, \u017ee bude dodr\u017eovat smlouvu z d\u016fvodu, \u017ee je dlu\u017en\u00edkem poskytovatele, nebo jin\u00e9 firmy nebo n\u011bkter\u00e1 z t\u011bchto firem odstoupila od smlouvy nebo sn\u00edm, vypov\u011bd\u011bla smlouvu.<\/li>\n<li>c) u\u017eivatel nesouhlas\u00ed s t\u011bmito v\u0161eobecn\u00fdmi podm\u00ednkami.<\/li>\n<\/ol>\n<p>2.6. Sou\u010d\u00e1st\u00ed smlouvy m\u016f\u017eou b\u00fdt i dal\u0161\u00ed p\u0159\u00edlohy a dodatky, kter\u00e9 specifikuj\u00ed dal\u0161\u00ed dopl\u0148kov\u00e9 slu\u017eby nebo zm\u011bny slu\u017eeb,pokud se na nich p\u00edsemn\u011b dohodnou ob\u011b smluvn\u00ed strany.<\/p>\n<ol start=\"3\">\n<li><strong> Podm\u00ednky ,rozsah a \u00fazem\u00ed poskytov\u00e1n\u00ed <\/strong>telekomunika\u010dn\u00edch slu\u017eeb.<\/li>\n<\/ol>\n<p>3.1.Poskytovatel poskytuje u\u017eivatelovi ve\u0159ejn\u00e9 telekomunika\u010dn\u00ed datov\u00e9 slu\u017eby r\u00e1diov\u00e9ho propojen\u00ed po\u010d\u00edta\u010dov\u00fdch s\u00edt\u00ed, zprost\u0159edkov\u00e1n\u00ed p\u0159\u00edstupu do s\u00edt\u011b Internet a p\u0159enos hlasu p\u0159es s\u00ed\u0165 Internet, prost\u0159ednictv\u00edm bezdr\u00e1tov\u00e9 s\u00edt\u011b PROFILAN Group<\/p>\n<p>3.2. Poskytovatel poskytuje u\u017eivatelovi telekomunika\u010dn\u00ed slu\u017eby v rozsahu a za podm\u00ednek uveden\u00fdch pro jednotliv\u00e9 druhy poskytovan\u00fdch slu\u017eeb v cen\u00edku PROFILAN Group.<\/p>\n<p>3.3. Po\u010det slu\u017eeb poskytovan\u00fdch u\u017eivatelovi nen\u00ed omezen\u00fd a m\u016f\u017ee b\u00fdt podle jeho pot\u0159eb kdykoli roz\u0161\u00ed\u0159en\u00fd na z\u00e1klade p\u00edsemn\u00e9ho dodatku ke smlouv\u011b. Poskytovatel si vyhrazuje pr\u00e1vo na pr\u016fb\u011b\u017en\u00e9 zm\u011bny platn\u00e9ho cen\u00edku PROFILAN Group, v z\u00e1vislosti na roz\u0161i\u0159ov\u00e1n\u00ed a zm\u011bn\u00e1ch sortimentu poskytovan\u00fdch slu\u017eeb a v z\u00e1vislosti od n\u00e1kupn\u00edch cen Internetu a technologick\u00fdch za\u0159\u00edzen\u00ed. V p\u0159\u00edpad\u011b \u017ee se takov\u00e1 zm\u011bna dotkne poskytov\u00e1n\u00ed telekomunika\u010dn\u00ed slu\u017eby, kter\u00e1 je p\u0159edm\u011btem smlouvy, je povinen poskytovatel o ka\u017ed\u00e9 takov\u00e9 zm\u011bn\u011b informovat u\u017eivatele minim\u00e1ln\u011b jeden m\u011bs\u00edc dop\u0159edu.Pokud u\u017eivatel nevyu\u017eije pr\u00e1vo odstoupit od smlouvy nebo jej\u00ed \u010d\u00e1sti dotknut\u00e9 zm\u011bnou ve lh\u016ft\u011b jednoho m\u011bs\u00edce ode dne doru\u010den\u00ed ozn\u00e1men\u00ed od poskytovatele, plat\u00ed, \u017ee se smlouvou souhlas\u00ed.<\/p>\n<p>3.4.Poskytovatel poskytuje telekomunika\u010dn\u00ed slu\u017eby podle smlouvy a t\u011bchto v\u0161eobecn\u00fdch podm\u00ednek na \u00fazem\u00ed \u010cR.<\/p>\n<ol start=\"4\">\n<li><strong> Pr\u00e1va a povinnost\u00ed smluvn\u00edch stran.<\/strong><\/li>\n<\/ol>\n<p>4.1. Poskytovatel je povinen \u0159\u00e1dn\u011b a v souladu s dohodnut\u00fdmi podm\u00ednkami poskytovat u\u017eivatelovi telekomunika\u010dn\u00ed slu\u017eby v dohodnut\u00e9m rozsahu a u\u017eivatel je povinen poskytovatelovi za jeho pln\u011bn\u00ed \u0159\u00e1dn\u011b, v dohodnut\u00e9 v\u00fd\u0161i a lh\u016ft\u011b platit.<\/p>\n<p>4.2. U\u017eivatel je povinen zp\u0159\u00edstupnit poskytovatelovi sv\u00e9 prostory a za\u0159\u00edzen\u00ed v\u017edy,kdy\u017e je to nutn\u00e9 v souvislosti se zabezpe\u010den\u00edm pln\u011bn\u00ed poskytovatele podle smlouvy,v\u010detn\u011b odstran\u011bn\u00ed u\u017eivatelem nahl\u00e1\u0161en\u00fdch vad a poruch.<\/p>\n<p>4.3.U\u017eivatel p\u0159i uzav\u00edr\u00e1n\u00ed smlouvy ur\u010d\u00ed svou zodpov\u011bdnou osobu, kter\u00e1 ho bude zastupovat b\u011bhem trv\u00e1n\u00ed smluvn\u00edho vztahu s poskytovatelem, v\u010detn\u011b ozn\u00e1men\u00ed adresy pro odes\u00edl\u00e1n\u00ed korespondence. Jak\u00e9koli zm\u011bny t\u00fdkaj\u00edc\u00ed se zodpov\u011bdn\u00e9 osoby nebo adresy u\u017eivatele, se u\u017eivatel zavazuje ozn\u00e1mit poskytovatelovi do 7 kalend\u00e1\u0159n\u00edch dn\u016f.<\/p>\n<p>4.4.Poskytovatel i u\u017eivatel se zavazuj\u00ed zach\u00e1zet se v\u0161emi informacemi, poskytnut\u00fdmi navz\u00e1jem v souvislosti se smlouvou druhou stranou jako s d\u016fv\u011brn\u00fdmi a nejsou opr\u00e1vn\u011bn\u00ed bez p\u0159edch\u00e1zej\u00edc\u00edho souhlasu je poskytnout t\u0159et\u00edm osob\u00e1m. Z\u00e1vazek ml\u010denlivosti se nevztahuje na informace,o kter\u00fdch je mo\u017en\u00e9 dok\u00e1zat, \u017ee je druh\u00e1 strana znala je\u0161t\u011b p\u0159ed t\u00edm, ne\u017e byly ozn\u00e1meny druhou stranou.<\/p>\n<p>4.5.Poskytovatel je povinen v\u010das informovat u\u017eivatele o v\u0161ech zm\u011bn\u00e1ch v\u0161eobecn\u00fdch podm\u00ednek<\/p>\n<p>4.6. Poskytovatel si vyhrazuje pr\u00e1vo vykon\u00e1vat servisn\u00ed z\u00e1sahy na infrastruktu\u0159e s\u00edt\u011b bez ozn\u00e1men\u00ed u\u017eivateli v \u010dase od 24:00 hod. do 6:00 hod. po nevyhnutelnou dobu, zpravidla v trv\u00e1ni 30 min.<\/p>\n<p>4.7. Poskytovatel si vyhrazuje pr\u00e1vo v\u00a0krizov\u00e9 situaci a mimo\u0159\u00e1dn\u00e9 situaci omezit poskytov\u00e1n\u00ed slu\u017eby u\u017eivatel\u016fm.<\/p>\n<ol start=\"5\">\n<li><strong> Cena a platebn\u00ed podm\u00ednky<\/strong><\/li>\n<\/ol>\n<p>5.1.Poskytovatel ur\u010duje ceny slu\u017eeb s\u00edt\u011b PROFILAN Group v souladu s pr\u00e1vn\u00edmi p\u0159edpisy platn\u00fdmi v \u010cR. Ceny jsou zve\u0159ejn\u011bny v cen\u00edku, kter\u00fd je v p\u0159\u00edloze \u010d .1 t\u011bchto v\u0161eobecn\u00fdch podm\u00ednek.<\/p>\n<p>5.2. Poskytovatel \u00fa\u010dtuje cenu za poskytnut\u00e9 telekomunika\u010dn\u00ed slu\u017eby zpravidla jeden kr\u00e1t za kalend\u00e1\u0159n\u00ed m\u011bs\u00edc, v\u017edy po poskytnut\u00ed slu\u017eby za p\u0159\u00edslu\u0161n\u00fd m\u011bs\u00edc, pokud se smluvn\u00ed strany nedohodnou jinak. V p\u0159\u00edpad\u011b, \u017ee slu\u017eba nebyla u\u017eivateli poskytnuta v pr\u016fb\u011bhu cel\u00e9ho kalend\u00e1\u0159n\u00edho m\u011bs\u00edce, dohodnuta cena za tento m\u011bs\u00edc se pom\u011brn\u011b sn\u00ed\u017e\u00ed.<\/p>\n<p>5.3. Cenu za poskytnut\u00e9 slu\u017eby u\u017eivatel uhrad\u00ed m\u011bs\u00ed\u010dn\u011b po poskytnut\u00ed slu\u017eby na \u00fa\u010det poskytovatele v\u017edy do 10 dne n\u00e1sleduj\u00edc\u00edho m\u011bs\u00edce po poskytnut\u00ed slu\u017eby, a to na z\u00e1klad\u011b smlouvy. Instala\u010dn\u00ed poplatek uhrad\u00ed u\u017eivatel v hotovosti nebo na \u00fa\u010det mont\u00e1\u017en\u00ed firmy bezprost\u0159edn\u011b po instalaci za\u0159\u00edzen\u00ed a spu\u0161t\u011bn\u00ed p\u0159\u00edslu\u0161n\u00e9 slu\u017eby, nejpozd\u011bji do 7 dn\u016f.V cen\u00e1ch nejsou zahrnuty poplatky nap\u0159.:po\u0161tovn\u00e9.<\/p>\n<p>5.4. U\u017eivatel bere na v\u011bdom\u00ed, \u017ee neuveden\u00ed spr\u00e1vn\u00e9ho variabiln\u00edho a specifick\u00e9ho symbolu m\u016f\u017ee zp\u016fsobit neza\u0159azen\u00ed nebo nespr\u00e1vn\u00e9 za\u0159azen\u00ed platby a tak vyvolat pr\u00e1vn\u00ed d\u016fsledky p\u0159\u00edp. sankce za nezaplacen\u00ed ceny podle p\u0159\u00edslu\u0161n\u00fdch ustanoven\u00ed t\u011bchto v\u0161eobecn\u00fdch podm\u00ednek.<\/p>\n<p>6<strong>. Zodpov\u011bdnost p\u0159i nedodr\u017een\u00ed podm\u00ednek smlouvy.<\/strong><\/p>\n<p>6.1.U\u017eivatel je povinen v p\u0159\u00edpad\u011b kdy\u017e plat\u00ed po term\u00ednu splatnosti za poskytnut\u00e9 telekomunika\u010dn\u00ed slu\u017eby, zaplatit poskytovateli \u00farok z pozdn\u00edho placen\u00ed ve v\u00fd\u0161i 0,05 % dlu\u017en\u00e9 sumy za ka\u017ed\u00fd den zpo\u017ed\u011bn\u00ed platby.<\/p>\n<p>6.2. Poskytovatel i u\u017eivatel jsou opr\u00e1vn\u011bn\u00ed po p\u0159edch\u00e1zej\u00edc\u00edm p\u00edsemn\u00e9m upozorn\u011bn\u00ed odstoupit od smlouvy v p\u0159\u00edpad\u011b podstatn\u00e9ho poru\u0161en\u00ed smlouvy druhou smluvn\u00ed stranou, za kter\u00e9 se pova\u017euje poru\u0161en\u00ed z\u00e1kladn\u00edch povinnosti uveden\u00fdch v \u010dl\u00e1nku 4.1. t\u011bchto v\u0161eobecn\u00fdch podm\u00ednek.<\/p>\n<p>6.3.Za spln\u011bn\u00ed podm\u00ednek podle \u010dl\u00e1nku 6.2. t\u011bchto v\u0161eobecn\u00fdch podm\u00ednek se smlouva ru\u0161\u00ed dnem doru\u010den\u00ed p\u00edsemn\u00e9ho odstoupen\u00ed od smlouvy druh\u00e9 smluvn\u00ed stran\u011b.T\u00edmto dnem je poskytovatel opr\u00e1vn\u011bn technicky znemo\u017enit p\u0159ipojen\u00ed \u2013 dal\u0161\u00ed u\u017e\u00edvan\u00ed telekomunika\u010dn\u00edch slu\u017eeb u\u017eivateli<\/p>\n<p>6.4.V p\u0159\u00edpad\u011b, \u017ee u\u017eivatel \u0159\u00e1dn\u011b neplat\u00ed za poskytovan\u00e9 slu\u017eby , je poskytovatel opr\u00e1vn\u011bn po p\u0159edchoz\u00edm upozorn\u011bn\u00ed do\u010dasn\u011b p\u0159eru\u0161it poskytov\u00e1n\u00ed telekomunika\u010dn\u00edch slu\u017eeb u\u017eivateli a\u017e do \u00fapln\u00e9ho spln\u011bn\u00ed povinnosti u\u017eivatele. Za znovu p\u0159ipojen\u00ed po odpojen\u00ed pro neplacen\u00ed je u\u017eivatel povinen zaplatit poskytovateli smluvn\u00ed pokutu dle platn\u00e9ho cen\u00edku.T\u00edmto nen\u00ed dot\u010deno pr\u00e1vo poskytovatele na odstoupen\u00ed podle \u010dl\u00e1nku 6.1. a\u017e 6.3 t\u011bchto v\u0161eobecn\u00fdch podm\u00ednek.<\/p>\n<ol start=\"7\">\n<li><strong> Reklama\u010dn\u00ed \u0159\u00e1d<\/strong><\/li>\n<\/ol>\n<p>7.1.Reklamaci poskytovan\u00fdch slu\u017eeb je u\u017eivatel povinen p\u00edsemn\u011b ozn\u00e1mit poskytovateli bez zbyte\u010dn\u00e9ho odkladu,nejpozd\u011bji do 15 dn\u016f ode dne zji\u0161t\u011bn\u00ed z\u00e1vady.Poskytovatel je povinen reklamaci prov\u011b\u0159it a bez zbyte\u010dn\u00e9ho odkladu,nejpozd\u011bji do 30 dn\u016f p\u00edsemn\u011b vyrozum\u011bt u\u017eivatele o zp\u016fsobu vy\u0159e\u0161en\u00ed reklamace.<\/p>\n<p>7.2. V p\u0159\u00edpad\u011b zji\u0161t\u011bn\u00ed nedostatku poskytovan\u00e9 slu\u017eby u\u017eivatel poskytne poskytovateli slu\u017eby p\u0159im\u011b\u0159enou dobu na odstran\u011bn\u00ed z\u00e1vady, nejm\u00e9n\u011b 3 pracovn\u00ed dny.<\/p>\n<ol start=\"8\">\n<li><strong> Zvl\u00e1\u0161tn\u00ed ustanoven\u00ed o rozsahu a omezen\u00ed zodpov\u011bdnosti poskytovatele.<\/strong><\/li>\n<\/ol>\n<p>8.1.Poskytovatel je zodpov\u011bdn\u00fd za kvalitu a rozsah telekomunika\u010dn\u00edch slu\u017eeb poskytovan\u00fdch u\u017eivateli podle smlouvy.<\/p>\n<p>8.2. Poskytovatel neru\u010d\u00ed za kvalitu a bezpe\u010dnost dat v informa\u010dn\u00edm syst\u00e9mu u\u017eivatele, za obsah, zabezpe\u010den\u00ed a p\u0159\u00edpadn\u00e9 zneu\u017eit\u00ed \u00fadaj\u016f p\u0159en\u00e1\u0161en\u00fdch u\u017eivatelem a jin\u00fdmi subjekty v s\u00edt\u00ed Internet, ani neru\u010d\u00ed za jej\u00edch p\u0159\u00edpadn\u00e9 protipr\u00e1vn\u00ed a neetick\u00e9 jedn\u00e1n\u00ed, kter\u00e9 m\u016f\u017ee zp\u016fsobit \u00fajmu ostatn\u00edm u\u017eivatel\u016fm Internetu.<\/p>\n<p>8.3.Poskytovatel neru\u010d\u00ed za produkty, slu\u017eby nebo jin\u00e9 nab\u00eddky od t\u0159et\u00edch osob, zprost\u0159edkovan\u00e9 u\u017eivateli prost\u0159ednictv\u00edm Internetu.<\/p>\n<p>8.4. Poskytovatel neru\u010d\u00ed za chyby a nedostatky software, hardwarov\u00e1 za\u0159\u00edzen\u00ed a slu\u017eby nedodan\u00e9 podle smlouvy, za vady, omezen\u00ed a poruchy zp\u016fsoben\u00e9 vy\u0161\u0161\u00ed moc\u00ed a po\u010d\u00edta\u010dov\u00fdmi pir\u00e1ty ani za \u0161kody zap\u0159\u00ed\u010din\u011bn\u00e9 u\u017eivateli zneu\u017eit\u00edm jeho \u00fa\u010dastnick\u00e9 identifikace v d\u016fsledku zanedb\u00e1n\u00ed ochrany p\u0159ed zneu\u017eit\u00edm ze strany u\u017eivatele.<\/p>\n<ol start=\"9\">\n<li><strong> \u010cas trv\u00e1n\u00ed a podm\u00ednky vypov\u011bzen\u00ed smlouvy.<\/strong><\/li>\n<\/ol>\n<p>9.1. Smlouva se uzav\u00edr\u00e1 na dobu neur\u010ditou, pokud se smluvn\u00ed strany nedohodnou jinak.<\/p>\n<p>9.2. Smlouvu m\u016f\u017ee vypov\u011bd\u011bt ka\u017ed\u00e1 ze smluvn\u00edch stran bez uveden\u00ed d\u016fvodu.<\/p>\n<p>9.3.V\u00fdpov\u011bdn\u00ed lh\u016fta je 3 m\u011bs\u00edce a za\u010d\u00edn\u00e1 plynout prvn\u00edm dnem kalend\u00e1\u0159n\u00edho m\u011bs\u00edce n\u00e1sleduj\u00edc\u00edho po doru\u010den\u00ed v\u00fdpov\u011bdi druh\u00e9 smluvn\u00ed stran\u011b.<\/p>\n<ol start=\"10\">\n<li><strong> Z\u00e1v\u011bre\u010dn\u00e1 ustanoven\u00ed<\/strong><\/li>\n<\/ol>\n<p>10.1. Smluvn\u00ed strany se zavazuj\u00ed vykonat v\u0161e pro to, aby jak\u00e9koli spory, vznikl\u00e9 mezi nimi p\u0159i pln\u011bn\u00ed podle smlouvy, \u0159e\u0161ili dohodou.V p\u0159\u00edpad\u011b, \u017ee k dohod\u011b nedojde, je kter\u00e1koli ze smluvn\u00edch stran opr\u00e1vn\u011bna podat n\u00e1vrh na rozhodnut\u00ed v\u011bcn\u00e9 k m\u00edstn\u011b p\u0159\u00edslu\u0161n\u00e9mu soudu v \u010cR.<\/p>\n<p>10.2. Smluvn\u00ed vztah mezi poskytovatelem a u\u017eivatelem se v dal\u0161\u00edm, pokud smlouva v\u010detn\u011b t\u011bchto v\u0161eobecn\u00fdch podm\u00ednek nestanovuje jinak, \u0159\u00edd\u00ed z\u00e1vazn\u00fdmi pr\u00e1vn\u00edmi p\u0159edpisy platn\u00fdmi v \u010cR.<\/p>\n<p>10.3.Tyto v\u0161eobecn\u00e9 podm\u00ednky nab\u00fdvaj\u00ed \u00fa\u010dinnosti dne 1 ledna 2012.<\/p>\n<p>&nbsp;<\/p>\n<p>PROFILAN Group \u2013 MO BYRTUS s.r.o. Starom\u011bstsk\u00e1 478, 739 61 T\u0159inec.<\/p>\n<p>[\/et_pb_text][\/et_pb_column][\/et_pb_row][\/et_pb_section]<\/p>\n","protected":false},"excerpt":{"rendered":"<p>Vzorov\u00e1 smlouva poskytov\u00e1n\u00ed slu\u017eeb N\u00e1hled vzorov\u00e9 smlouvy ZDE V\u0161eobecn\u00e9 podm\u00ednky V\u0161eobecn\u00e9 podm\u00ednky poskytov\u00e1n\u00ed ve\u0159ejn\u00fdch telekomunika\u010dn\u00edch slu\u017eeb PROFILAN Group vydan\u00e9 podle z\u00e1kona \u010d . 127\/2005 Sb. o elektronick\u00fdch komunikac\u00edch. \u00davodn\u00ed ustanoven\u00ed 1.1. Firma MO BYRTUS s.r.o. Starom\u011bstsk\u00e1 478, 739 61 T\u0159inec jako poskytovatel ve\u0159ejn\u00fdch telekomunika\u010dn\u00edch slu\u017eeb (d\u00e1le v textu jako \u201eposkytovatel\u201c) stanovuje tyto v\u0161eobecn\u00e9 podm\u00ednky poskytov\u00e1n\u00ed [&hellip;]<\/p>\n","protected":false},"author":4,"featured_media":0,"parent":0,"menu_order":6,"comment_status":"closed","ping_status":"closed","template":"","meta":{"_et_pb_use_builder":"on","_et_pb_old_content":"","_et_gb_content_width":""},"_links":{"self":[{"href":"https:\/\/profilan.cz\/index.php?rest_route=\/wp\/v2\/pages\/70"}],"collection":[{"href":"https:\/\/profilan.cz\/index.php?rest_route=\/wp\/v2\/pages"}],"about":[{"href":"https:\/\/profilan.cz\/index.php?rest_route=\/wp\/v2\/types\/page"}],"author":[{"embeddable":true,"href":"https:\/\/profilan.cz\/index.php?rest_route=\/wp\/v2\/users\/4"}],"replies":[{"embeddable":true,"href":"https:\/\/profilan.cz\/index.php?rest_route=%2Fwp%2Fv2%2Fcomments&post=70"}],"version-history":[{"count":15,"href":"https:\/\/profilan.cz\/index.php?rest_route=\/wp\/v2\/pages\/70\/revisions"}],"predecessor-version":[{"id":322,"href":"https:\/\/profilan.cz\/index.php?rest_route=\/wp\/v2\/pages\/70\/revisions\/322"}],"wp:attachment":[{"href":"https:\/\/profilan.cz\/index.php?rest_route=%2Fwp%2Fv2%2Fmedia&parent=70"}],"curies":[{"name":"wp","href":"https:\/\/api.w.org\/{rel}","templated":true}]}}