{"id":58,"date":"2016-04-17T08:53:53","date_gmt":"2016-04-17T07:53:53","guid":{"rendered":"http:\/\/profilan.cz\/?page_id=58"},"modified":"2025-06-30T22:11:33","modified_gmt":"2025-06-30T20:11:33","slug":"cenik","status":"publish","type":"page","link":"https:\/\/profilan.cz\/?page_id=58","title":{"rendered":"Cen\u00edk"},"content":{"rendered":"<p>[et_pb_section fb_built=&#8220;1&#8243; admin_label=&#8220;section&#8220; _builder_version=&#8220;4.16&#8243; global_colors_info=&#8220;{}&#8220;][et_pb_row admin_label=&#8220;row&#8220; _builder_version=&#8220;4.16&#8243; background_size=&#8220;initial&#8220; background_position=&#8220;top_left&#8220; background_repeat=&#8220;repeat&#8220; global_colors_info=&#8220;{}&#8220;][et_pb_column type=&#8220;4_4&#8243; _builder_version=&#8220;4.16&#8243; custom_padding=&#8220;|||&#8220; global_colors_info=&#8220;{}&#8220; custom_padding__hover=&#8220;|||&#8220;][et_pb_text admin_label=&#8220;Text&#8220; _builder_version=&#8220;4.16&#8243; background_size=&#8220;initial&#8220; background_position=&#8220;top_left&#8220; background_repeat=&#8220;repeat&#8220; global_colors_info=&#8220;{}&#8220;]<\/p>\n<p>V\u0161echny ceny jsou uvedeny bez DPH<\/p>\n<hr \/>\n<h2>Internet<\/h2>\n<div style=\"overflow: auto;\">\n<table style=\"width: 833px;\" cellpadding=\"4\" height=\"516\">\n<tbody>\n<tr>\n<th style=\"text-align: left; vertical-align: top; width: 113.594px;\">Tarif<\/th>\n<th style=\"text-align: left; vertical-align: top; width: 139.875px;\">minim\u00e1ln\u00ed rychlost<\/th>\n<th style=\"text-align: left; vertical-align: top; width: 277.672px;\">b\u011b\u017en\u011b dostupn\u00e1 inzerovan\u00e1 rychlost<\/th>\n<th style=\"text-align: left; vertical-align: top; width: 189.312px;\">maxim\u00e1ln\u00ed rychlost<\/th>\n<th style=\"vertical-align: top; text-align: right; width: 111.547px;\">M\u011bs\u00ed\u010dn\u00ed sazba<\/th>\n<\/tr>\n<tr>\n<td style=\"text-align: left; vertical-align: top; width: 113.594px;\">Mini<\/td>\n<td style=\"vertical-align: top; width: 139.875px; text-align: center;\">3 Mbit \/ 1 Mbit<\/td>\n<td style=\"vertical-align: top; width: 277.672px; text-align: center;\">10 Mbit \/ 2 Mbit<\/td>\n<td style=\"vertical-align: top; width: 189.312px; text-align: center;\">12 Mbit \/ 4 Mbit<\/td>\n<td style=\"vertical-align: top; width: 111.547px; text-align: center;\">247,93 K\u010d<\/td>\n<\/tr>\n<tr>\n<td style=\"text-align: left; vertical-align: top; width: 113.594px;\">Standard<\/td>\n<td style=\"vertical-align: top; width: 139.875px; text-align: center;\">6 Mbit \/ 3 Mbit<\/td>\n<td style=\"vertical-align: top; width: 277.672px; text-align: center;\">14 Mbit \/ 4 Mbit<\/td>\n<td style=\"vertical-align: top; width: 189.312px; text-align: center;\">18 Mbit \/ 6 Mbit<\/td>\n<td style=\"vertical-align: top; width: 111.547px; text-align: center;\">330,58 K\u010d<\/td>\n<\/tr>\n<tr>\n<td style=\"text-align: left; vertical-align: top; width: 113.594px;\">Max<\/td>\n<td style=\"vertical-align: top; width: 139.875px; text-align: center;\">8 Mbit \/ 4 Mbit<\/td>\n<td style=\"vertical-align: top; width: 277.672px; text-align: center;\">20 Mbit \/ 12 Mbit<\/td>\n<td style=\"vertical-align: top; width: 189.312px; text-align: center;\">30 Mbit \/ 18 Mbit<\/td>\n<td style=\"vertical-align: top; width: 111.547px; text-align: center;\">413,22 K\u010d<\/td>\n<\/tr>\n<tr>\n<td style=\"text-align: left; vertical-align: top; width: 113.594px;\">OPTO-GPON-Mini<\/td>\n<td style=\"vertical-align: top; width: 139.875px; text-align: center;\">15 Mbit \/ 10 Mbit<\/td>\n<td style=\"vertical-align: top; width: 277.672px; text-align: center;\">50 Mbit \/ 25 Mbit<\/td>\n<td style=\"vertical-align: top; width: 189.312px; text-align: center;\">50 Mbit \/ 25 Mbit<\/td>\n<td style=\"vertical-align: top; width: 111.547px; text-align: center;\">330,58 K\u010d<\/td>\n<\/tr>\n<tr>\n<td style=\"text-align: left; vertical-align: top; width: 113.594px;\" opto-standard=\"\" td=\"\"><\/td>\n<td style=\"vertical-align: top; width: 139.875px; text-align: center;\">30 Mbit \/ 20 Mbit<\/td>\n<td style=\"vertical-align: top; width: 277.672px; text-align: center;\">100 Mbit \/ 50 Mbit<\/td>\n<td style=\"vertical-align: top; width: 189.312px; text-align: center;\">100 Mbit \/ 50 Mbit<\/td>\n<td style=\"vertical-align: top; width: 111.547px; text-align: center;\">495,87 K\u010d<\/td>\n<\/tr>\n<tr>\n<td style=\"text-align: left; vertical-align: top; width: 113.594px;\">OPTO-GPON-Max<\/td>\n<td style=\"vertical-align: top; width: 139.875px; text-align: center;\">100 Mbit \/ 50 Mbit<\/td>\n<td style=\"vertical-align: top; width: 277.672px; text-align: center;\">300 Mbit \/ 200 Mbit<\/td>\n<td style=\"vertical-align: top; width: 189.312px; text-align: center;\">300 Mbit \/ 200 Mbit<\/td>\n<td style=\"vertical-align: top; width: 111.547px; text-align: center;\">826,45 K\u010d<\/td>\n<\/tr>\n<tr>\n<td style=\"text-align: left; vertical-align: top; width: 113.594px;\">FIRMA a Opto-Firma<\/td>\n<td style=\"vertical-align: top; width: 139.875px; text-align: center;\">Dle dohody<\/td>\n<td style=\"vertical-align: top; width: 277.672px; text-align: center;\">Dle dohody<\/td>\n<td style=\"vertical-align: top; width: 189.312px; text-align: center;\">Dle dohody<\/td>\n<td style=\"vertical-align: top; width: 111.547px; text-align: center;\">min. 1000 K\u010d<\/td>\n<\/tr>\n<\/tbody>\n<\/table>\n<\/div>\n<h2>Slu\u017eby<\/h2>\n<div style=\"overflow: auto;\">\n<table cellpadding=\"4\">\n<tbody>\n<tr>\n<th style=\"text-align: left; vertical-align: top;\">Slu\u017eba<\/th>\n<th style=\"vertical-align: top; text-align: right;\">Cena<\/th>\n<\/tr>\n<tr>\n<td style=\"text-align: left; vertical-align: top;\">Z\u0159\u00edzen\u00ed slu\u017eby<\/td>\n<td style=\"vertical-align: top; text-align: right;\">Od 1500 K\u010d dle n\u00e1ro\u010dnosti instalace<\/td>\n<\/tr>\n<tr>\n<td style=\"text-align: left; vertical-align: top;\">M\u011b\u0159en\u00ed dostupnosti slu\u017eby<\/td>\n<td style=\"vertical-align: top; text-align: right;\">0 K\u010d<\/td>\n<\/tr>\n<tr>\n<td style=\"text-align: left; vertical-align: top;\">P\u0159echod na vy\u0161\u0161\u00ed tarif<\/td>\n<td style=\"vertical-align: top; text-align: right;\">0 K\u010d<\/td>\n<\/tr>\n<tr>\n<td style=\"text-align: left; vertical-align: top;\">P\u0159echod na ni\u017e\u0161\u00ed tarif<\/td>\n<td style=\"vertical-align: top; text-align: right;\">Po dohod\u011b<\/td>\n<\/tr>\n<tr>\n<td style=\"text-align: left; vertical-align: top;\">Ve\u0159ejn\u00e1 IP adresa<\/td>\n<td style=\"vertical-align: top; text-align: right;\">100 K\u010d \/ 1 m\u011bs. p\u0159i tarifu MINI<\/td>\n<\/tr>\n<tr>\n<td style=\"text-align: left; vertical-align: top;\">Ve\u0159ejn\u00e1 IP adresa<\/td>\n<td style=\"vertical-align: top; text-align: right;\">50 K\u010d \/ 1 m\u011bs. p\u0159i tarifu Standart a MAX<\/td>\n<\/tr>\n<tr>\n<td style=\"text-align: left; vertical-align: top;\">St\u011bhov\u00e1n\u00ed p\u0159\u00edpojky<\/td>\n<td style=\"vertical-align: top; text-align: right;\">Po dohod\u011b<\/td>\n<\/tr>\n<tr>\n<td style=\"text-align: left; vertical-align: top;\">P\u0159eru\u0161en\u00ed slu\u017eby<\/td>\n<td style=\"vertical-align: top; text-align: right;\">500 K\u010d<\/td>\n<\/tr>\n<tr>\n<td style=\"text-align: left; vertical-align: top;\">Zaslan\u00ed doporu\u010den\u00e9 upom\u00ednky<\/td>\n<td style=\"vertical-align: top; text-align: right;\">150 K\u010d<\/td>\n<\/tr>\n<tr>\n<td style=\"text-align: left; vertical-align: top;\">V\u00fdjezd technika nevinou klienta v\u00a0pracovn\u00ed dob\u011b<\/td>\n<td style=\"vertical-align: top; text-align: right;\">0 K\u010d<\/td>\n<\/tr>\n<tr>\n<td style=\"text-align: left; vertical-align: top;\">V\u00fdjezd technika nevinou klienta mimo pracovn\u00ed dobu<\/td>\n<td style=\"vertical-align: top; text-align: right;\">Po dohod\u011b<\/td>\n<\/tr>\n<tr>\n<td style=\"text-align: left; vertical-align: top;\">V\u00fdjezd technika vinou klienta v\u00a0pracovn\u00ed dob\u011b<\/td>\n<td style=\"vertical-align: top; text-align: right;\">565 K\u010d<\/td>\n<\/tr>\n<tr>\n<td style=\"text-align: left; vertical-align: top;\">V\u00fdjezd technika vinou klienta mimo pracovn\u00ed dobu<\/td>\n<td style=\"vertical-align: top; text-align: right;\">\u00a01000 K\u010d<\/td>\n<\/tr>\n<tr>\n<td style=\"text-align: left; vertical-align: top;\">\u00a0Doprava do 20 km<\/td>\n<td style=\"vertical-align: top; text-align: right;\">\u00a0250 K\u010d<\/td>\n<\/tr>\n<tr>\n<td style=\"text-align: left; vertical-align: top;\">\u00a0Wifi router 2,4 GHz b\/g\/n dle po\u017eadavku klienta<\/td>\n<td style=\"vertical-align: top; text-align: right;\">\u00a0od 1300 K\u010d<\/td>\n<\/tr>\n<tr>\n<td style=\"text-align: left; vertical-align: top;\">\u00a0Dal\u0161\u00ed p\u0159\u00edslu\u0161enstv\u00ed a pr\u00e1ce<\/td>\n<td style=\"vertical-align: top; text-align: right;\">\u00a0Po dohod\u011b<\/td>\n<\/tr>\n<\/tbody>\n<\/table>\n<\/div>\n<h2>Telefony<\/h2>\n<div style=\"overflow: auto;\">\n<table cellpadding=\"4\">\n<tbody>\n<tr>\n<th style=\"text-align: left; vertical-align: top;\">Slu\u017eba<\/th>\n<th style=\"vertical-align: top; text-align: right;\">Cena<\/th>\n<\/tr>\n<tr>\n<td style=\"text-align: left; vertical-align: top;\">Vol\u00e1ni na pevn\u00e9 linky mimo \u0161pi\u010dku<\/td>\n<td style=\"vertical-align: top; text-align: right;\">0,38 K\u010d \/ Min<\/td>\n<\/tr>\n<tr>\n<td style=\"text-align: left; vertical-align: top;\">Vol\u00e1ni na pevn\u00e9 linky ve \u0161pi\u010dce<\/td>\n<td style=\"vertical-align: top; text-align: right;\">0,76 K\u010d \/ Min<\/td>\n<\/tr>\n<tr>\n<td style=\"text-align: left; vertical-align: top;\">Vol\u00e1n\u00ed na mobiln\u00ed s\u00edt\u011b pro dom\u00e1cnosti<\/td>\n<td style=\"vertical-align: top; text-align: right;\">2,90 K\u010d \/ Min<\/td>\n<\/tr>\n<tr>\n<td style=\"text-align: left; vertical-align: top;\">Vol\u00e1n\u00ed na mobiln\u00ed s\u00edt\u011b pro dom\u00e1cnosti<\/td>\n<td style=\"vertical-align: top; text-align: right;\">2,32 K\u010d \/ Min<\/td>\n<\/tr>\n<tr>\n<td style=\"text-align: left; vertical-align: top;\">P\u0159evod \u010d\u00edsla<\/td>\n<td style=\"vertical-align: top; text-align: right;\">1100\u00a0K\u010d<\/td>\n<\/tr>\n<\/tbody>\n<\/table>\n<\/div>\n<h2>Televize<\/h2>\n<div style=\"overflow: auto;\">\n<table cellpadding=\"4\">\n<tbody>\n<tr>\n<th style=\"text-align: left; vertical-align: top;\">Slu\u017eba<\/th>\n<th style=\"vertical-align: top; text-align: right;\">M\u011bs\u00ed\u010dn\u00ed sazba<\/th>\n<\/tr>\n<tr>\n<td style=\"text-align: left; vertical-align: top;\">BASIC<\/td>\n<td style=\"vertical-align: top; text-align: right;\">171,08 K\u010d<\/td>\n<\/tr>\n<tr>\n<td style=\"text-align: left; vertical-align: top;\"><\/td>\n<td style=\"vertical-align: top; text-align: right;\"><\/td>\n<\/tr>\n<tr>\n<td style=\"text-align: left; vertical-align: top;\">STANDARD<\/td>\n<td style=\"vertical-align: top; text-align: right;\">505,79 K\u010d<\/td>\n<\/tr>\n<tr>\n<td style=\"text-align: left; vertical-align: top;\">MAX<\/td>\n<td style=\"vertical-align: top; text-align: right;\">\u00a0673,55K\u010d<\/td>\n<\/tr>\n<tr>\n<td style=\"text-align: left; vertical-align: top; background-color: #eeeeee;\" colspan=\"2\"><strong>TEMATIKA<\/strong><\/td>\n<\/tr>\n<tr>\n<td style=\"text-align: left; vertical-align: top; background-color: #eeeeee;\"><\/td>\n<td style=\"vertical-align: top; text-align: right; background-color: #eeeeee;\"><\/td>\n<\/tr>\n<tr>\n<td style=\"text-align: left; vertical-align: top; background-color: #eeeeee;\"><\/td>\n<td style=\"vertical-align: top; text-align: right; background-color: #eeeeee;\"><\/td>\n<\/tr>\n<tr>\n<td style=\"text-align: left; vertical-align: top; background-color: #eeeeee;\">FILM<\/td>\n<td style=\"vertical-align: top; text-align: right; background-color: #eeeeee;\">66,12 K\u010d<\/td>\n<\/tr>\n<tr>\n<td style=\"text-align: left; vertical-align: top; background-color: #eeeeee;\">SUPERBOX<\/td>\n<td style=\"vertical-align: top; text-align: right; background-color: #eeeeee;\">174,38 K\u010d<\/td>\n<\/tr>\n<tr>\n<td style=\"text-align: left; vertical-align: top; background-color: #eeeeee;\">SPORT<\/td>\n<td style=\"vertical-align: top; text-align: right; background-color: #eeeeee;\">161,98 K\u010d<\/td>\n<\/tr>\n<tr>\n<td style=\"text-align: left; vertical-align: top; background-color: #eeeeee;\">D\u011aTSK\u00c9<\/td>\n<td style=\"vertical-align: top; text-align: right; background-color: #eeeeee;\">53,72 K\u010d<\/td>\n<\/tr>\n<tr>\n<td style=\"text-align: left; vertical-align: top; background-color: #eeeeee;\">\u010cESKY<\/td>\n<td style=\"vertical-align: top; text-align: right; background-color: #eeeeee;\">58,68 K\u010d<\/td>\n<\/tr>\n<tr>\n<td style=\"text-align: left; vertical-align: top; background-color: #eeeeee;\">L\u00c1SKA<\/td>\n<td style=\"vertical-align: top; text-align: right; background-color: #eeeeee;\">73,55 K\u010d<\/td>\n<\/tr>\n<tr>\n<td style=\"text-align: left; vertical-align: top; background-color: #eeeeee;\">ZPRAVODAJ<\/td>\n<td style=\"vertical-align: top; text-align: right; background-color: #eeeeee;\">31,41 K\u010d<\/td>\n<\/tr>\n<tr>\n<td style=\"text-align: left; vertical-align: top; background-color: #eeeeee;\">DOKUMENT<\/td>\n<td style=\"vertical-align: top; text-align: right; background-color: #eeeeee;\">152,07 K\u010d<\/td>\n<\/tr>\n<\/tbody>\n<\/table>\n<\/div>\n<p>[\/et_pb_text][\/et_pb_column][\/et_pb_row][\/et_pb_section]<\/p>\n","protected":false},"excerpt":{"rendered":"<p>V\u0161echny ceny jsou uvedeny bez DPH Internet Tarif minim\u00e1ln\u00ed rychlost b\u011b\u017en\u011b dostupn\u00e1 inzerovan\u00e1 rychlost maxim\u00e1ln\u00ed rychlost M\u011bs\u00ed\u010dn\u00ed sazba Mini 3 Mbit \/ 1 Mbit 10 Mbit \/ 2 Mbit 12 Mbit \/ 4 Mbit 247,93 K\u010d Standard 6 Mbit \/ 3 Mbit 14 Mbit \/ 4 Mbit 18 Mbit \/ 6 Mbit 330,58 K\u010d Max [&hellip;]<\/p>\n","protected":false},"author":4,"featured_media":0,"parent":49,"menu_order":0,"comment_status":"closed","ping_status":"closed","template":"","meta":{"_et_pb_use_builder":"on","_et_pb_old_content":"V\u0161echny ceny jsou uvedeny s DPH\r\n\r\n<hr \/>\r\n\r\n<h2>Internet<\/h2>\r\n<div style=\"overflow: auto;\">\r\n<table style=\"width: 805px;\" cellpadding=\"4\">\r\n<tbody>\r\n<tr>\r\n<th style=\"text-align: left; vertical-align: top; width: 56.9219px;\">Tarif<\/th>\r\n<th style=\"text-align: left; vertical-align: top; width: 133.203px;\">minim\u00e1ln\u00ed rychlost<\/th>\r\n<th style=\"text-align: left; vertical-align: top; width: 264.406px;\">b\u011b\u017en\u011b dostupn\u00e1 inzerovan\u00e1 rychlost<\/th>\r\n<th style=\"text-align: left; vertical-align: top; width: 180.281px;\">\u00a0maxim\u00e1ln\u00ed rychlost<\/th>\r\n<th style=\"vertical-align: top; text-align: right; width: 106.188px;\">M\u011bs\u00ed\u010dn\u00ed sazba<\/th>\r\n<\/tr>\r\n<tr>\r\n<td style=\"text-align: left; vertical-align: top; width: 56.9219px;\">Mini<\/td>\r\n<td style=\"vertical-align: top; width: 133.203px; text-align: center;\">3 Mbit \/ 1 Mbit<\/td>\r\n<td style=\"vertical-align: top; width: 264.406px; text-align: center;\">10 Mbit \/ 2 Mbit<\/td>\r\n<td style=\"vertical-align: top; width: 180.281px; text-align: center;\">12 Mbit \/ 4 Mbit<\/td>\r\n<td style=\"vertical-align: top; width: 106.188px; text-align: center;\">300 K\u010d<\/td>\r\n<\/tr>\r\n<tr>\r\n<td style=\"text-align: left; vertical-align: top; width: 56.9219px;\">Standard<\/td>\r\n<td style=\"vertical-align: top; width: 133.203px; text-align: center;\">6 Mbit \/ 3 Mbit<\/td>\r\n<td style=\"vertical-align: top; width: 264.406px; text-align: center;\">14 Mbit \/ 4 Mbit<\/td>\r\n<td style=\"vertical-align: top; width: 180.281px; text-align: center;\">18 Mbit \/ 6 Mbit<\/td>\r\n<td style=\"vertical-align: top; width: 106.188px; text-align: center;\">400 K\u010d<\/td>\r\n<\/tr>\r\n<tr>\r\n<td style=\"text-align: left; vertical-align: top; width: 56.9219px;\">Max<\/td>\r\n<td style=\"vertical-align: top; width: 133.203px; text-align: center;\">8 Mbit \/ 4 Mbit<\/td>\r\n<td style=\"vertical-align: top; width: 264.406px; text-align: center;\">20 Mbit \/ 12 Mbit<\/td>\r\n<td style=\"vertical-align: top; width: 180.281px; text-align: center;\">30 Mbit \/ 18 Mbit<\/td>\r\n<td style=\"vertical-align: top; width: 106.188px; text-align: center;\">\u00a0500 K\u010d<\/td>\r\n<\/tr>\r\n<\/tbody>\r\n<\/table>\r\n<\/div>\r\n<h2>Slu\u017eby<\/h2>\r\n<div style=\"overflow: auto;\">\r\n<table cellpadding=\"4\">\r\n<tbody>\r\n<tr>\r\n<th style=\"text-align: left; vertical-align: top;\">Slu\u017eba<\/th>\r\n<th style=\"vertical-align: top; text-align: right;\">Cena<\/th>\r\n<\/tr>\r\n<tr>\r\n<td style=\"text-align: left; vertical-align: top;\">Z\u0159\u00edzen\u00ed slu\u017eby<\/td>\r\n<td style=\"vertical-align: top; text-align: right;\">Od 1000 K\u010d dle n\u00e1ro\u010dnosti instalace<\/td>\r\n<\/tr>\r\n<tr>\r\n<td style=\"text-align: left; vertical-align: top;\">M\u011b\u0159en\u00ed dostupnosti slu\u017eby<\/td>\r\n<td style=\"vertical-align: top; text-align: right;\">0 K\u010d<\/td>\r\n<\/tr>\r\n<tr>\r\n<td style=\"text-align: left; vertical-align: top;\">P\u0159echod na vy\u0161\u0161\u00ed tarif<\/td>\r\n<td style=\"vertical-align: top; text-align: right;\">0 K\u010d<\/td>\r\n<\/tr>\r\n<tr>\r\n<td style=\"text-align: left; vertical-align: top;\">P\u0159echod na ni\u017e\u0161\u00ed tarif<\/td>\r\n<td style=\"vertical-align: top; text-align: right;\">Po dohod\u011b<\/td>\r\n<\/tr>\r\n<tr>\r\n<td style=\"text-align: left; vertical-align: top;\">Ve\u0159ejn\u00e1 IP adresa<\/td>\r\n<td style=\"vertical-align: top; text-align: right;\">100 K\u010d \/ 1 m\u011bs. p\u0159i tarifu MINI<\/td>\r\n<\/tr>\r\n<tr>\r\n<td style=\"text-align: left; vertical-align: top;\">Ve\u0159ejn\u00e1 IP adresa<\/td>\r\n<td style=\"vertical-align: top; text-align: right;\">50 K\u010d \/ 1 m\u011bs. p\u0159i tarifu Standart a MAX<\/td>\r\n<\/tr>\r\n<tr>\r\n<td style=\"text-align: left; vertical-align: top;\">St\u011bhov\u00e1n\u00ed p\u0159\u00edpojky<\/td>\r\n<td style=\"vertical-align: top; text-align: right;\">Po dohod\u011b<\/td>\r\n<\/tr>\r\n<tr>\r\n<td style=\"text-align: left; vertical-align: top;\">P\u0159eru\u0161en\u00ed slu\u017eby<\/td>\r\n<td style=\"vertical-align: top; text-align: right;\">500 K\u010d<\/td>\r\n<\/tr>\r\n<tr>\r\n<td style=\"text-align: left; vertical-align: top;\">Zaslan\u00ed doporu\u010den\u00e9 upom\u00ednky<\/td>\r\n<td style=\"vertical-align: top; text-align: right;\">150 K\u010d<\/td>\r\n<\/tr>\r\n<tr>\r\n<td style=\"text-align: left; vertical-align: top;\">V\u00fdjezd technika nevinou klienta v\u00a0pracovn\u00ed dob\u011b<\/td>\r\n<td style=\"vertical-align: top; text-align: right;\">0 K\u010d<\/td>\r\n<\/tr>\r\n<tr>\r\n<td style=\"text-align: left; vertical-align: top;\">V\u00fdjezd technika nevinou klienta mimo pracovn\u00ed dobu<\/td>\r\n<td style=\"vertical-align: top; text-align: right;\">Po dohod\u011b<\/td>\r\n<\/tr>\r\n<tr>\r\n<td style=\"text-align: left; vertical-align: top;\">V\u00fdjezd technika vinou klienta v\u00a0pracovn\u00ed dob\u011b<\/td>\r\n<td style=\"vertical-align: top; text-align: right;\">400 K\u010d<\/td>\r\n<\/tr>\r\n<tr>\r\n<td style=\"text-align: left; vertical-align: top;\">V\u00fdjezd technika vinou klienta mimo pracovn\u00ed dobu<\/td>\r\n<td style=\"vertical-align: top; text-align: right;\">\u00a0800 K\u010d<\/td>\r\n<\/tr>\r\n<tr>\r\n<td style=\"text-align: left; vertical-align: top;\">\u00a0Doprava do 20 km<\/td>\r\n<td style=\"vertical-align: top; text-align: right;\">\u00a0250 K\u010d<\/td>\r\n<\/tr>\r\n<tr>\r\n<td style=\"text-align: left; vertical-align: top;\">\u00a0Wifi router 2,4 GHz b\/g\/n dle po\u017eadavku klienta<\/td>\r\n<td style=\"vertical-align: top; text-align: right;\">\u00a0od 1300 K\u010d<\/td>\r\n<\/tr>\r\n<tr>\r\n<td style=\"text-align: left; vertical-align: top;\">\u00a0Dal\u0161\u00ed p\u0159\u00edslu\u0161enstv\u00ed a pr\u00e1ce<\/td>\r\n<td style=\"vertical-align: top; text-align: right;\">\u00a0Po dohod\u011b<\/td>\r\n<\/tr>\r\n<\/tbody>\r\n<\/table>\r\n<\/div>\r\n<h2>Telefony<\/h2>\r\n<div style=\"overflow: auto;\">\r\n<table cellpadding=\"4\">\r\n<tbody>\r\n<tr>\r\n<th style=\"text-align: left; vertical-align: top;\">Slu\u017eba<\/th>\r\n<th style=\"vertical-align: top; text-align: right;\">Cena<\/th>\r\n<\/tr>\r\n<tr>\r\n<td style=\"text-align: left; vertical-align: top;\">Vol\u00e1ni na pevn\u00e9 linky mimo \u0161pi\u010dku<\/td>\r\n<td style=\"vertical-align: top; text-align: right;\">0,46 K\u010d \/ Min<\/td>\r\n<\/tr>\r\n<tr>\r\n<td style=\"text-align: left; vertical-align: top;\">Vol\u00e1ni na pevn\u00e9 linky ve \u0161pi\u010dce<\/td>\r\n<td style=\"vertical-align: top; text-align: right;\">0,92 K\u010d \/ Min<\/td>\r\n<\/tr>\r\n<tr>\r\n<td style=\"text-align: left; vertical-align: top;\">Vol\u00e1n\u00ed na mobiln\u00ed s\u00edt\u011b pro dom\u00e1cnosti<\/td>\r\n<td style=\"vertical-align: top; text-align: right;\">3,51 K\u010d \/ Min<\/td>\r\n<\/tr>\r\n<tr>\r\n<td style=\"text-align: left; vertical-align: top;\">Vol\u00e1n\u00ed na mobiln\u00ed s\u00edt\u011b pro dom\u00e1cnosti<\/td>\r\n<td style=\"vertical-align: top; text-align: right;\">2,81 K\u010d \/ Min<\/td>\r\n<\/tr>\r\n<tr>\r\n<td style=\"text-align: left; vertical-align: top;\">P\u0159evod \u010d\u00edsla<\/td>\r\n<td style=\"vertical-align: top; text-align: right;\">1100\u00a0K\u010d<\/td>\r\n<\/tr>\r\n<\/tbody>\r\n<\/table>\r\n<\/div>\r\n<h2>Televize<\/h2>\r\n<div style=\"overflow: auto;\">\r\n<table cellpadding=\"4\">\r\n<tbody>\r\n<tr>\r\n<th style=\"text-align: left; vertical-align: top;\">Slu\u017eba<\/th>\r\n<th style=\"vertical-align: top; text-align: right;\">M\u011bs\u00ed\u010dn\u00ed sazba<\/th>\r\n<\/tr>\r\n<tr>\r\n<td style=\"text-align: left; vertical-align: top;\">BASIC<\/td>\r\n<td style=\"vertical-align: top; text-align: right;\">99 K\u010d<\/td>\r\n<\/tr>\r\n<tr>\r\n<td style=\"text-align: left; vertical-align: top;\">BASIC + TEMATIKA<\/td>\r\n<td style=\"vertical-align: top; text-align: right;\">129 K\u010d<\/td>\r\n<\/tr>\r\n<tr>\r\n<td style=\"text-align: left; vertical-align: top;\">STANDARD<\/td>\r\n<td style=\"vertical-align: top; text-align: right;\">349 K\u010d<\/td>\r\n<\/tr>\r\n<tr>\r\n<td style=\"text-align: left; vertical-align: top;\">MAX<\/td>\r\n<td style=\"vertical-align: top; text-align: right;\">\u00a0699 K\u010d<\/td>\r\n<\/tr>\r\n<tr>\r\n<td style=\"text-align: left; vertical-align: top; background-color: #eeeeee;\" colspan=\"2\"><strong>TEMATIKA<\/strong><\/td>\r\n<\/tr>\r\n<tr>\r\n<td style=\"text-align: left; vertical-align: top; background-color: #eeeeee;\">HBO1<\/td>\r\n<td style=\"vertical-align: top; text-align: right; background-color: #eeeeee;\">190 K\u010d<\/td>\r\n<\/tr>\r\n<tr>\r\n<td style=\"text-align: left; vertical-align: top; background-color: #eeeeee;\">HBO2<\/td>\r\n<td style=\"vertical-align: top; text-align: right; background-color: #eeeeee;\">260 K\u010d<\/td>\r\n<\/tr>\r\n<tr>\r\n<td style=\"text-align: left; vertical-align: top; background-color: #eeeeee;\">FILM<\/td>\r\n<td style=\"vertical-align: top; text-align: right; background-color: #eeeeee;\">50 K\u010d<\/td>\r\n<\/tr>\r\n<tr>\r\n<td style=\"text-align: left; vertical-align: top; background-color: #eeeeee;\">SUPERBOX<\/td>\r\n<td style=\"vertical-align: top; text-align: right; background-color: #eeeeee;\">160 K\u010d<\/td>\r\n<\/tr>\r\n<tr>\r\n<td style=\"text-align: left; vertical-align: top; background-color: #eeeeee;\">SPORT<\/td>\r\n<td style=\"vertical-align: top; text-align: right; background-color: #eeeeee;\">80 K\u010d<\/td>\r\n<\/tr>\r\n<tr>\r\n<td style=\"text-align: left; vertical-align: top; background-color: #eeeeee;\">D\u011aTSK\u00c9<\/td>\r\n<td style=\"vertical-align: top; text-align: right; background-color: #eeeeee;\">40 K\u010d<\/td>\r\n<\/tr>\r\n<tr>\r\n<td style=\"text-align: left; vertical-align: top; background-color: #eeeeee;\">\u010cESKY<\/td>\r\n<td style=\"vertical-align: top; text-align: right; background-color: #eeeeee;\">50 K\u010d<\/td>\r\n<\/tr>\r\n<tr>\r\n<td style=\"text-align: left; vertical-align: top; background-color: #eeeeee;\">L\u00c1SKA<\/td>\r\n<td style=\"vertical-align: top; text-align: right; background-color: #eeeeee;\">60 K\u010d<\/td>\r\n<\/tr>\r\n<tr>\r\n<td style=\"text-align: left; vertical-align: top; background-color: #eeeeee;\">ZPRAVODAJ<\/td>\r\n<td style=\"vertical-align: top; text-align: right; background-color: #eeeeee;\">10 K\u010d<\/td>\r\n<\/tr>\r\n<tr>\r\n<td style=\"text-align: left; vertical-align: top; background-color: #eeeeee;\">DOKUMENT<\/td>\r\n<td style=\"vertical-align: top; text-align: right; background-color: #eeeeee;\">80 K\u010d<\/td>\r\n<\/tr>\r\n<\/tbody>\r\n<\/table>\r\n<\/div>","_et_gb_content_width":""},"_links":{"self":[{"href":"https:\/\/profilan.cz\/index.php?rest_route=\/wp\/v2\/pages\/58"}],"collection":[{"href":"https:\/\/profilan.cz\/index.php?rest_route=\/wp\/v2\/pages"}],"about":[{"href":"https:\/\/profilan.cz\/index.php?rest_route=\/wp\/v2\/types\/page"}],"author":[{"embeddable":true,"href":"https:\/\/profilan.cz\/index.php?rest_route=\/wp\/v2\/users\/4"}],"replies":[{"embeddable":true,"href":"https:\/\/profilan.cz\/index.php?rest_route=%2Fwp%2Fv2%2Fcomments&post=58"}],"version-history":[{"count":7,"href":"https:\/\/profilan.cz\/index.php?rest_route=\/wp\/v2\/pages\/58\/revisions"}],"predecessor-version":[{"id":448,"href":"https:\/\/profilan.cz\/index.php?rest_route=\/wp\/v2\/pages\/58\/revisions\/448"}],"up":[{"embeddable":true,"href":"https:\/\/profilan.cz\/index.php?rest_route=\/wp\/v2\/pages\/49"}],"wp:attachment":[{"href":"https:\/\/profilan.cz\/index.php?rest_route=%2Fwp%2Fv2%2Fmedia&parent=58"}],"curies":[{"name":"wp","href":"https:\/\/api.w.org\/{rel}","templated":true}]}}