{"id":53,"date":"2016-04-17T08:47:31","date_gmt":"2016-04-17T07:47:31","guid":{"rendered":"http:\/\/profilan.cz\/?page_id=53"},"modified":"2025-09-24T19:10:32","modified_gmt":"2025-09-24T17:10:32","slug":"balicky-iptv","status":"publish","type":"page","link":"https:\/\/profilan.cz\/?page_id=53","title":{"rendered":"Bal\u00ed\u010dky IPTV"},"content":{"rendered":"<p>[et_pb_section fb_built=&#8220;1&#8243; inner_shadow=&#8220;on&#8220; fullwidth=&#8220;on&#8220; admin_label=&#8220;section&#8220; _builder_version=&#8220;4.16&#8243; background_color=&#8220;#f7f7f7&#8243; background_image=&#8220;https:\/\/profilan.cz\/wp-content\/uploads\/2017\/03\/back-profilan.jpg&#8220; parallax=&#8220;on&#8220; global_colors_info=&#8220;{}&#8220;][\/et_pb_section][et_pb_section fb_built=&#8220;1&#8243; admin_label=&#8220;section&#8220; _builder_version=&#8220;4.16&#8243; global_colors_info=&#8220;{}&#8220;][et_pb_row admin_label=&#8220;\u0158\u00e1dek&#8220; _builder_version=&#8220;4.16&#8243; background_size=&#8220;initial&#8220; background_position=&#8220;top_left&#8220; background_repeat=&#8220;repeat&#8220; global_colors_info=&#8220;{}&#8220;][et_pb_column type=&#8220;4_4&#8243; _builder_version=&#8220;4.16&#8243; custom_padding=&#8220;|||&#8220; global_colors_info=&#8220;{}&#8220; custom_padding__hover=&#8220;|||&#8220;][et_pb_pricing_tables header_background_color=&#8220;#0c71c3&#8243; show_bullet=&#8220;off&#8220; admin_label=&#8220;Tabulky cen&#8220; _builder_version=&#8220;4.16&#8243; header_font=&#8220;|on|||&#8220; body_font=&#8220;||||&#8220; body_text_align=&#8220;center&#8220; body_font_size=&#8220;13px&#8220; background_color=&#8220;rgba(12,113,195,0.07)&#8220; center_list_items=&#8220;on&#8220; global_colors_info=&#8220;{}&#8220; button_text_size__hover_enabled=&#8220;off&#8220; button_one_text_size__hover_enabled=&#8220;off&#8220; button_two_text_size__hover_enabled=&#8220;off&#8220; button_text_color__hover_enabled=&#8220;off&#8220; button_one_text_color__hover_enabled=&#8220;off&#8220; button_two_text_color__hover_enabled=&#8220;off&#8220; button_border_width__hover_enabled=&#8220;off&#8220; button_one_border_width__hover_enabled=&#8220;off&#8220; button_two_border_width__hover_enabled=&#8220;off&#8220; button_border_color__hover_enabled=&#8220;off&#8220; button_one_border_color__hover_enabled=&#8220;off&#8220; button_two_border_color__hover_enabled=&#8220;off&#8220; button_border_radius__hover_enabled=&#8220;off&#8220; button_one_border_radius__hover_enabled=&#8220;off&#8220; button_two_border_radius__hover_enabled=&#8220;off&#8220; button_letter_spacing__hover_enabled=&#8220;off&#8220; button_one_letter_spacing__hover_enabled=&#8220;off&#8220; button_two_letter_spacing__hover_enabled=&#8220;off&#8220; button_bg_color__hover_enabled=&#8220;off&#8220; button_one_bg_color__hover_enabled=&#8220;off&#8220; button_two_bg_color__hover_enabled=&#8220;off&#8220;][et_pb_pricing_table title=&#8220;BASIC + TEMATIKA&#8220; subtitle=&#8220;(82 program\u016f)&#8220; per=&#8220;m\u011bs\u00edc&#8220; sum=&#8220;207 K\u010d&#8220; _builder_version=&#8220;4.16&#8243; header_font=&#8220;||||&#8220; header_font_size=&#8220;19px&#8220; body_line_height=&#8220;19px&#8220; subheader_font=&#8220;||||&#8220; price_font=&#8220;||||&#8220; price_font_size=&#8220;34px&#8220; currency_frequency_font=&#8220;||||&#8220; currency_frequency_font_size=&#8220;20px&#8220; button_icon_placement=&#8220;right&#8220; button_on_hover=&#8220;on&#8220; global_colors_info=&#8220;{}&#8220; sticky_transition=&#8220;on&#8220; button_text_size__hover_enabled=&#8220;off&#8220; button_one_text_size__hover_enabled=&#8220;off&#8220; button_two_text_size__hover_enabled=&#8220;off&#8220; button_text_color__hover_enabled=&#8220;off&#8220; button_one_text_color__hover_enabled=&#8220;off&#8220; button_two_text_color__hover_enabled=&#8220;off&#8220; button_border_width__hover_enabled=&#8220;off&#8220; button_one_border_width__hover_enabled=&#8220;off&#8220; button_two_border_width__hover_enabled=&#8220;off&#8220; button_border_color__hover_enabled=&#8220;off&#8220; button_one_border_color__hover_enabled=&#8220;off&#8220; button_two_border_color__hover_enabled=&#8220;off&#8220; button_border_radius__hover_enabled=&#8220;off&#8220; button_one_border_radius__hover_enabled=&#8220;off&#8220; button_two_border_radius__hover_enabled=&#8220;off&#8220; button_letter_spacing__hover_enabled=&#8220;off&#8220; button_one_letter_spacing__hover_enabled=&#8220;off&#8220; button_two_letter_spacing__hover_enabled=&#8220;off&#8220; button_bg_color__hover_enabled=&#8220;off&#8220; button_one_bg_color__hover_enabled=&#8220;off&#8220; button_two_bg_color__hover_enabled=&#8220;off&#8220;]Barrandov HD, \u010cT Art, \u010cT1, \u010cT1 HD, \u010cT2, \u010cT2 HD, \u010cT24, \u010cT Sport, \u010cT Sport, HD, JOJ, JOJ+, Mark\u00fdza, Noe, Nova, Nova Cinema, Nova Fanda, Nova HD, \u00d3\u010dko, \u00d3\u010dko Gold, Prima, Prima Cool, Prima Cool HD, Prima HD, Prima Love, Prima Zoom, Region\u00e1ln\u00ed TV, Relax, Retro Music, Sm\u00edchov, STV1, STV2, \u0160l\u00e1gr TV, TA3, Telka, TV Barrandov, TV Doma, TV Rebel, TV Slov\u00e1cko, TVP1, TVP2, V1.<br \/>\n[\/et_pb_pricing_table][et_pb_pricing_table title=&#8220;BASIC + TEMATIKA&#8220; subtitle=&#8220;(82 program\u016f)&#8220; per=&#8220;m\u011bs\u00edc&#8220; sum=&#8220;207 K\u010d&#8220; _builder_version=&#8220;4.16&#8243; header_font=&#8220;||||&#8220; header_font_size=&#8220;19px&#8220; body_line_height=&#8220;19px&#8220; subheader_font=&#8220;||||&#8220; price_font=&#8220;||||&#8220; price_font_size=&#8220;34px&#8220; currency_frequency_font=&#8220;||||&#8220; currency_frequency_font_size=&#8220;20px&#8220; button_icon_placement=&#8220;right&#8220; button_on_hover=&#8220;on&#8220; global_colors_info=&#8220;{}&#8220; sticky_transition=&#8220;on&#8220; button_text_size__hover_enabled=&#8220;off&#8220; button_one_text_size__hover_enabled=&#8220;off&#8220; button_two_text_size__hover_enabled=&#8220;off&#8220; button_text_color__hover_enabled=&#8220;off&#8220; button_one_text_color__hover_enabled=&#8220;off&#8220; button_two_text_color__hover_enabled=&#8220;off&#8220; button_border_width__hover_enabled=&#8220;off&#8220; button_one_border_width__hover_enabled=&#8220;off&#8220; button_two_border_width__hover_enabled=&#8220;off&#8220; button_border_color__hover_enabled=&#8220;off&#8220; button_one_border_color__hover_enabled=&#8220;off&#8220; button_two_border_color__hover_enabled=&#8220;off&#8220; button_border_radius__hover_enabled=&#8220;off&#8220; button_one_border_radius__hover_enabled=&#8220;off&#8220; button_two_border_radius__hover_enabled=&#8220;off&#8220; button_letter_spacing__hover_enabled=&#8220;off&#8220; button_one_letter_spacing__hover_enabled=&#8220;off&#8220; button_two_letter_spacing__hover_enabled=&#8220;off&#8220; button_bg_color__hover_enabled=&#8220;off&#8220; button_one_bg_color__hover_enabled=&#8220;off&#8220; button_two_bg_color__hover_enabled=&#8220;off&#8220;]Barrandov HD, \u010cT Art, \u010cT1, \u010cT1 HD, \u010cT2, \u010cT2 HD, \u010cT24, \u010cT Sport, \u010cT Sport, HD, JOJ, JOJ+, Mark\u00fdza, Noe, Nova, Nova Cinema, Nova Fanda, Nova HD, \u00d3\u010dko, \u00d3\u010dko Gold, Prima, Prima Cool, Prima Cool HD, Prima HD, Prima Love, Prima Zoom, Region\u00e1ln\u00ed TV, Relax, Retro Music, Sm\u00edchov, STV1, STV2, \u0160l\u00e1gr TV, TA3, Telka, TV Barrandov, TV Doma, TV Rebel, TV Slov\u00e1cko, TVP1, TVP2, V1.<br \/>\n[\/et_pb_pricing_table][et_pb_pricing_table title=&#8220;STANDARD &#8220; subtitle=&#8220;(118 program\u016f)&#8220; per=&#8220;m\u011bs\u00edc&#8220; sum=&#8220;612 K\u010d&#8220; _builder_version=&#8220;4.16&#8243; header_font=&#8220;||||&#8220; header_font_size=&#8220;19px&#8220; body_line_height=&#8220;19px&#8220; subheader_font=&#8220;||||&#8220; price_font=&#8220;||||&#8220; price_font_size=&#8220;34px&#8220; currency_frequency_font=&#8220;||||&#8220; currency_frequency_font_size=&#8220;20px&#8220; button_icon_placement=&#8220;right&#8220; button_on_hover=&#8220;on&#8220; global_colors_info=&#8220;{}&#8220; sticky_transition=&#8220;on&#8220; button_text_size__hover_enabled=&#8220;off&#8220; button_one_text_size__hover_enabled=&#8220;off&#8220; button_two_text_size__hover_enabled=&#8220;off&#8220; button_text_color__hover_enabled=&#8220;off&#8220; button_one_text_color__hover_enabled=&#8220;off&#8220; button_two_text_color__hover_enabled=&#8220;off&#8220; button_border_width__hover_enabled=&#8220;off&#8220; button_one_border_width__hover_enabled=&#8220;off&#8220; button_two_border_width__hover_enabled=&#8220;off&#8220; button_border_color__hover_enabled=&#8220;off&#8220; button_one_border_color__hover_enabled=&#8220;off&#8220; button_two_border_color__hover_enabled=&#8220;off&#8220; button_border_radius__hover_enabled=&#8220;off&#8220; button_one_border_radius__hover_enabled=&#8220;off&#8220; button_two_border_radius__hover_enabled=&#8220;off&#8220; button_letter_spacing__hover_enabled=&#8220;off&#8220; button_one_letter_spacing__hover_enabled=&#8220;off&#8220; button_two_letter_spacing__hover_enabled=&#8220;off&#8220; button_bg_color__hover_enabled=&#8220;off&#8220; button_one_bg_color__hover_enabled=&#8220;off&#8220; button_two_bg_color__hover_enabled=&#8220;off&#8220;]Animal Planet, AXN, AXN Black, AXN White, Barrandov HD, Brazzers TV Europe, CS Film \/ CS Mini, \u010cT Art, \u010cT1, \u010cT1 HD, \u010cT2, \u010cT2 HD, \u010cT24, \u010cT Sport, \u010cT Sport HD, Deluxe Music, Deutche Welle, Discovery Channel, Disney Channel, Disney Channel Junior, EuroNews, Eurosport 2 HD, Eurosport HD, Film Europe, Filmbox, Fishing &amp; Haunting, JOJ, JOJ+, Kino Sv\u011bt, Mark\u00edza, MTV CZ, National Geographic, Noe, Nova, Nova Cinema, Nova Fanda, Nova HD, Nova Sport, \u00d3\u010dko, \u00d3\u010dko Gold, Prima, Prima Cool, Prima Cool HD, Prima HD, Prima Love, Prima Zoom, Region\u00e1ln\u00ed TV, Relax, Retro Music, Slovak Sport 1 HD, Slovak Sport 2 HD, Sm\u00edchov, Sport 1, Sport 2 HD, STV1, STV2, \u0160l\u00e1gr TV, TA3, Telka, TLC, TV Barrandov, TV Doma, TV Rebel, TV Slov\u00e1cko, TVP1, TVP2, V1.<br \/>\n[\/et_pb_pricing_table][et_pb_pricing_table title=&#8220;MAX &#8220; subtitle=&#8220;(136 program\u016f)&#8220; per=&#8220;m\u011bs\u00edc&#8220; sum=&#8220;815 K\u010d&#8220; _builder_version=&#8220;4.16&#8243; header_font=&#8220;||||&#8220; header_font_size=&#8220;19px&#8220; body_line_height=&#8220;19px&#8220; subheader_font=&#8220;||||&#8220; price_font=&#8220;||||&#8220; price_font_size=&#8220;34px&#8220; currency_frequency_font=&#8220;||||&#8220; currency_frequency_font_size=&#8220;20px&#8220; button_icon_placement=&#8220;right&#8220; button_on_hover=&#8220;on&#8220; global_colors_info=&#8220;{}&#8220; sticky_transition=&#8220;on&#8220; button_text_size__hover_enabled=&#8220;off&#8220; button_one_text_size__hover_enabled=&#8220;off&#8220; button_two_text_size__hover_enabled=&#8220;off&#8220; button_text_color__hover_enabled=&#8220;off&#8220; button_one_text_color__hover_enabled=&#8220;off&#8220; button_two_text_color__hover_enabled=&#8220;off&#8220; button_border_width__hover_enabled=&#8220;off&#8220; button_one_border_width__hover_enabled=&#8220;off&#8220; button_two_border_width__hover_enabled=&#8220;off&#8220; button_border_color__hover_enabled=&#8220;off&#8220; button_one_border_color__hover_enabled=&#8220;off&#8220; button_two_border_color__hover_enabled=&#8220;off&#8220; button_border_radius__hover_enabled=&#8220;off&#8220; button_one_border_radius__hover_enabled=&#8220;off&#8220; button_two_border_radius__hover_enabled=&#8220;off&#8220; button_letter_spacing__hover_enabled=&#8220;off&#8220; button_one_letter_spacing__hover_enabled=&#8220;off&#8220; button_two_letter_spacing__hover_enabled=&#8220;off&#8220; button_bg_color__hover_enabled=&#8220;off&#8220; button_one_bg_color__hover_enabled=&#8220;off&#8220; button_two_bg_color__hover_enabled=&#8220;off&#8220;]B360TuneBox, Animal Planet, AXN, AXN Black, AXN White, Barrandov HD, Brazzers TV Europe, Cinemax 2 HD, Cinemax HD, CS Film \/ CS Mini, \u010cT Art, \u010cT1, \u010cT1 HD, \u010cT2, \u010cT2 HD, \u010cT24, \u010cT Sport, \u010cT Sport HD, Deluxe Music, Deutche Welle, Discovery Channel, Discovery Showcase HD, Disney Channel, Disney Channel Junior, Doku CS, EuroNews, Eurosport 2 HD, Eurosport HD, Film Europe, Filmbox, Filmbox Family, Filmbox HD, Filmbox Plus, Filmbox Premium, Fishing &amp; Haunting, France 24, HBO Comedy HD, HBO HD, HBO2 HD, JOJ, JOJ+, Kino CS, Kino Sv\u011bt, Mark\u00edza, MTV CZ, Musika CS, National Geographic, Noe, Nova, Nova Cinema, Nova Fanda, Nova HD, Nova Sport, \u00d3\u010dko, \u00d3\u010dko Gold, Playboy TV, Prima, Prima Cool, Prima Cool HD, Prima HD, Prima Love, Prima Zoom, Region\u00e1ln\u00ed TV, Relax, Retro Music, Slovak Sport 1 HD, Slovak Sport 2 HD, Sm\u00edchov, Sport 1, Sport 2 HD, STV1, STV2, \u0160l\u00e1gr TV, TA3, Telka, TLC, Travel Channel, TV Barrandov, TV Doma, TV Rebel, TV Slov\u00e1cko, TVP1, TVP2, V1.<br \/>\n[\/et_pb_pricing_table][\/et_pb_pricing_tables][et_pb_text admin_label=&#8220;Text&#8220; _builder_version=&#8220;4.16&#8243; background_size=&#8220;initial&#8220; background_position=&#8220;top_left&#8220; background_repeat=&#8220;repeat&#8220; use_border_color=&#8220;off&#8220; border_color=&#8220;#ffffff&#8220; border_style=&#8220;solid&#8220; global_colors_info=&#8220;{}&#8220;]<\/p>\n<h4>TEMATIKA<\/h4>\n<p><strong>FILM (5 program\u016f) &#8211; 80 K\u010d<\/strong><br \/>Film Europe, AXN, AXN White, AXN Black, Filmbox.<\/p>\n<p><strong>SUPERBOX (5 program\u016f) &#8211; 211 K\u010d<\/strong><br \/>Erox HD, Filmbox Premium, Filmbox Familly, Filmbox HD, Filmbox Plus.<\/p>\n<p><strong>SPORT (5 program\u016f) &#8211; 196 K\u010d<\/strong><br \/>Eurosport HD, Eurosport2 HD, Nova Sport, Slovak Sport 1, Slovak Sport 2.<\/p>\n<p><strong>D\u011aTSK\u00c9 (2 programy) &#8211; 65 K\u010d<\/strong><br \/>Disney Channel, Disney Channel Junior.<\/p>\n<p><strong>\u010cESKY (5 program\u016f) &#8211; 71 K\u010d<\/strong><br \/>CS Film \/ CS Mini, CS Horor \/ Kino Sv\u011bt, Doku CS, Kino CS, Muzika CS.<\/p>\n<p><strong>L\u00c1SKA (4 programy) &#8211; 70 K\u010d<\/strong><br \/>Brazzers TV Europe, Erox HD, Eroxxx HD, Playboy TV.<\/p>\n<p><strong>ZPRAVODAJ (3 programy) &#8211; 38 K\u010d<\/strong><br \/>eutche Welle, EuroNews, France 24.<\/p>\n<p><strong>DOKUMENT (6 program\u016f) &#8211; 184 K\u010d<\/strong><br \/>Discovery Channel, National Geographic, Animal Planet, TLC, Discovery HD, Travel Channel.<\/p>\n<p>[\/et_pb_text][\/et_pb_column][\/et_pb_row][\/et_pb_section]<\/p>\n","protected":false},"excerpt":{"rendered":"<p>Barrandov HD, \u010cT Art, \u010cT1, \u010cT1 HD, \u010cT2, \u010cT2 HD, \u010cT24, \u010cT Sport, \u010cT Sport, HD, JOJ, JOJ+, Mark\u00fdza, Noe, Nova, Nova Cinema, Nova Fanda, Nova HD, \u00d3\u010dko, \u00d3\u010dko Gold, Prima, Prima Cool, Prima Cool HD, Prima HD, Prima Love, Prima Zoom, Region\u00e1ln\u00ed TV, Relax, Retro Music, Sm\u00edchov, STV1, STV2, \u0160l\u00e1gr TV, TA3, Telka, TV [&hellip;]<\/p>\n","protected":false},"author":4,"featured_media":0,"parent":0,"menu_order":2,"comment_status":"closed","ping_status":"closed","template":"","meta":{"_et_pb_use_builder":"on","_et_pb_old_content":"","_et_gb_content_width":""},"_links":{"self":[{"href":"https:\/\/profilan.cz\/index.php?rest_route=\/wp\/v2\/pages\/53"}],"collection":[{"href":"https:\/\/profilan.cz\/index.php?rest_route=\/wp\/v2\/pages"}],"about":[{"href":"https:\/\/profilan.cz\/index.php?rest_route=\/wp\/v2\/types\/page"}],"author":[{"embeddable":true,"href":"https:\/\/profilan.cz\/index.php?rest_route=\/wp\/v2\/users\/4"}],"replies":[{"embeddable":true,"href":"https:\/\/profilan.cz\/index.php?rest_route=%2Fwp%2Fv2%2Fcomments&post=53"}],"version-history":[{"count":17,"href":"https:\/\/profilan.cz\/index.php?rest_route=\/wp\/v2\/pages\/53\/revisions"}],"predecessor-version":[{"id":453,"href":"https:\/\/profilan.cz\/index.php?rest_route=\/wp\/v2\/pages\/53\/revisions\/453"}],"wp:attachment":[{"href":"https:\/\/profilan.cz\/index.php?rest_route=%2Fwp%2Fv2%2Fmedia&parent=53"}],"curies":[{"name":"wp","href":"https:\/\/api.w.org\/{rel}","templated":true}]}}