{"id":49,"date":"2016-04-17T08:37:29","date_gmt":"2016-04-17T07:37:29","guid":{"rendered":"http:\/\/profilan.cz\/?page_id=49"},"modified":"2017-03-21T19:24:45","modified_gmt":"2017-03-21T18:24:45","slug":"internetove-pripojeni","status":"publish","type":"page","link":"https:\/\/profilan.cz\/?page_id=49","title":{"rendered":"Internetov\u00e9 p\u0159ipojen\u00ed"},"content":{"rendered":"<p>[et_pb_section bb_built=&#8220;1&#8243; admin_label=&#8220;section&#8220; background_image=&#8220;http:\/\/profilan.cz\/wp-content\/uploads\/2017\/03\/back-profilan.jpg&#8220; background_color=&#8220;#f7f7f7&#8243; inner_shadow=&#8220;on&#8220; parallax=&#8220;on&#8220; fullwidth=&#8220;on&#8220;][et_pb_fullwidth_header admin_label=&#8220;Fullwidth Header&#8220; title=&#8220;Internetov\u00e9 p\u0159ipojen\u00ed pro byty, rodinn\u00e9 domy, firmy&#8220; text_orientation=&#8220;center&#8220; title_font_size=&#8220;42px&#8220; background_layout=&#8220;light&#8220; header_fullscreen=&#8220;off&#8220; header_scroll_down=&#8220;off&#8220; parallax=&#8220;off&#8220; parallax_method=&#8220;off&#8220; content_orientation=&#8220;center&#8220; image_orientation=&#8220;center&#8220; custom_button_one=&#8220;off&#8220; button_one_letter_spacing=&#8220;0&#8243; button_one_use_icon=&#8220;default&#8220; button_one_icon_placement=&#8220;right&#8220; button_one_on_hover=&#8220;on&#8220; button_one_letter_spacing_hover=&#8220;0&#8243; custom_button_two=&#8220;off&#8220; button_two_letter_spacing=&#8220;0&#8243; button_two_use_icon=&#8220;default&#8220; button_two_icon_placement=&#8220;right&#8220; button_two_on_hover=&#8220;on&#8220; button_two_letter_spacing_hover=&#8220;0&#8243; \/][\/et_pb_section][et_pb_section bb_built=&#8220;1&#8243; admin_label=&#8220;section&#8220;][et_pb_row admin_label=&#8220;row&#8220;][et_pb_column type=&#8220;1_4&#8243;][et_pb_image admin_label=&#8220;Obr\u00e1zek&#8220; src=&#8220;http:\/\/profilan.cz\/wp-content\/uploads\/2016\/04\/ANTENA-kopie.jpg&#8220; show_in_lightbox=&#8220;off&#8220; url_new_window=&#8220;off&#8220; use_overlay=&#8220;off&#8220; animation=&#8220;bottom&#8220; sticky=&#8220;off&#8220; align=&#8220;center&#8220; force_fullwidth=&#8220;off&#8220; always_center_on_mobile=&#8220;on&#8220; use_border_color=&#8220;off&#8220; border_color=&#8220;#ffffff&#8220; border_style=&#8220;solid&#8220; \/][\/et_pb_column][et_pb_column type=&#8220;3_4&#8243;][et_pb_text admin_label=&#8220;Text&#8220; background_layout=&#8220;light&#8220; text_orientation=&#8220;left&#8220; use_border_color=&#8220;off&#8220; border_color=&#8220;#ffffff&#8220; border_style=&#8220;solid&#8220;]<\/p>\n<h3>Rodinn\u00e9 domy<\/h3>\n<p>Internet pro rodinn\u00e9 domy p\u0159ipojujeme v\u00a0p\u00e1smu 5 GHz. V\u00a0tomto p\u00e1smu jsme schopni dodat v\u00e1m trval\u00e9 a stabiln\u00ed p\u0159ipojen\u00ed.<\/p>\n<h3>Byty<\/h3>\n<p>P\u0159ipojen\u00ed ve vybran\u00fdch bytech m\u016f\u017ee b\u00fdt realizov\u00e1no p\u0159\u00edmo na kabelu nebo optice. Pokud by byl z\u00e1jem o p\u0159ipojen\u00ed v\u00edce bytu, je mo\u017en\u00e9 pro v\u00e1s z\u0159\u00eddit speci\u00e1ln\u00ed p\u0159\u00edpojku za velmi rozumn\u00e9 ceny.<\/p>\n<h3>Firmy<\/h3>\n<p>P\u0159ipojen\u00ed Internetu pro firmy je slu\u017eba kter\u00e1 V\u00e1m zajist\u00ed trval\u00e9 a stabiln\u00ed p\u0159ipojen\u00ed k s\u00edti Internet. Jedn\u00e1 se o internetov\u00e9 p\u0159ipojen\u00ed realizovan\u00e9 p\u0159es bezdr\u00e1tovou s\u00ed\u0165, po kabelu nebo po optice. Po dohod\u011b s\u00a0firmou jsme schopni realizovat p\u0159ipojen\u00ed ve vysok\u00e9 kvalit\u011b dosahuj\u00edc\u00ed vysok\u00e9 rychlosti, pop\u0159\u00edpad\u011b realizovat z\u00e1lo\u017en\u00ed linku.<\/p>\n<p>[\/et_pb_text][\/et_pb_column][\/et_pb_row][\/et_pb_section]<\/p>\n","protected":false},"excerpt":{"rendered":"<p>Rodinn\u00e9 domy Internet pro rodinn\u00e9 domy p\u0159ipojujeme v\u00a0p\u00e1smu 5 GHz. V\u00a0tomto p\u00e1smu jsme schopni dodat v\u00e1m trval\u00e9 a stabiln\u00ed p\u0159ipojen\u00ed. Byty P\u0159ipojen\u00ed ve vybran\u00fdch bytech m\u016f\u017ee b\u00fdt realizov\u00e1no p\u0159\u00edmo na kabelu nebo optice. Pokud by byl z\u00e1jem o p\u0159ipojen\u00ed v\u00edce bytu, je mo\u017en\u00e9 pro v\u00e1s z\u0159\u00eddit speci\u00e1ln\u00ed p\u0159\u00edpojku za velmi rozumn\u00e9 ceny. Firmy P\u0159ipojen\u00ed Internetu [&hellip;]<\/p>\n","protected":false},"author":4,"featured_media":0,"parent":0,"menu_order":1,"comment_status":"closed","ping_status":"closed","template":"","meta":{"_et_pb_use_builder":"on","_et_pb_old_content":"","_et_gb_content_width":""},"_links":{"self":[{"href":"https:\/\/profilan.cz\/index.php?rest_route=\/wp\/v2\/pages\/49"}],"collection":[{"href":"https:\/\/profilan.cz\/index.php?rest_route=\/wp\/v2\/pages"}],"about":[{"href":"https:\/\/profilan.cz\/index.php?rest_route=\/wp\/v2\/types\/page"}],"author":[{"embeddable":true,"href":"https:\/\/profilan.cz\/index.php?rest_route=\/wp\/v2\/users\/4"}],"replies":[{"embeddable":true,"href":"https:\/\/profilan.cz\/index.php?rest_route=%2Fwp%2Fv2%2Fcomments&post=49"}],"version-history":[{"count":9,"href":"https:\/\/profilan.cz\/index.php?rest_route=\/wp\/v2\/pages\/49\/revisions"}],"predecessor-version":[{"id":316,"href":"https:\/\/profilan.cz\/index.php?rest_route=\/wp\/v2\/pages\/49\/revisions\/316"}],"wp:attachment":[{"href":"https:\/\/profilan.cz\/index.php?rest_route=%2Fwp%2Fv2%2Fmedia&parent=49"}],"curies":[{"name":"wp","href":"https:\/\/api.w.org\/{rel}","templated":true}]}}