{"id":341,"date":"2020-03-25T11:01:49","date_gmt":"2020-03-25T10:01:49","guid":{"rendered":"http:\/\/profilan.cz\/?page_id=341"},"modified":"2020-03-25T11:15:59","modified_gmt":"2020-03-25T10:15:59","slug":"341-2","status":"publish","type":"page","link":"https:\/\/profilan.cz\/?page_id=341","title":{"rendered":"Vzd\u00e1len\u00e1 podpora"},"content":{"rendered":"\n[et_pb_section fb_built=&#8220;1&#8243; inner_shadow=&#8220;on&#8220; fullwidth=&#8220;on&#8220; admin_label=&#8220;section&#8220; _builder_version=&#8220;3.22&#8243; background_color=&#8220;#f7f7f7&#8243; background_image=&#8220;http:\/\/profilan.cz\/wp-content\/uploads\/2017\/03\/back-profilan.jpg&#8220; parallax=&#8220;on&#8220;][et_pb_fullwidth_header title=&#8220;Technick\u00e1 podpora&#8220; text_orientation=&#8220;center&#8220; content_max_width=&#8220;none&#8220; admin_label=&#8220;Fullwidth Header&#8220; _builder_version=&#8220;4.4.1&#8243; title_font_size=&#8220;42px&#8220; background_color=&#8220;rgba(255,255,255,0)&#8220; background_layout=&#8220;light&#8220; hover_enabled=&#8220;0&#8243; button_one_text_size__hover_enabled=&#8220;off&#8220; button_two_text_size__hover_enabled=&#8220;off&#8220; button_one_text_color__hover_enabled=&#8220;off&#8220; button_two_text_color__hover_enabled=&#8220;off&#8220; button_one_border_width__hover_enabled=&#8220;off&#8220; button_two_border_width__hover_enabled=&#8220;off&#8220; button_one_border_color__hover_enabled=&#8220;off&#8220; button_two_border_color__hover_enabled=&#8220;off&#8220; button_one_border_radius__hover_enabled=&#8220;off&#8220; button_two_border_radius__hover_enabled=&#8220;off&#8220; button_one_letter_spacing__hover_enabled=&#8220;off&#8220; button_two_letter_spacing__hover_enabled=&#8220;off&#8220; button_one_bg_color__hover_enabled=&#8220;off&#8220; button_two_bg_color__hover_enabled=&#8220;off&#8220; background_image=&#8220;http:\/\/profilan.cz\/wp-content\/uploads\/2016\/04\/pl1.jpg&#8220;][\/et_pb_fullwidth_header][\/et_pb_section][et_pb_section fb_built=&#8220;1&#8243; admin_label=&#8220;section&#8220; _builder_version=&#8220;3.22&#8243;][et_pb_row admin_label=&#8220;row&#8220; _builder_version=&#8220;3.25&#8243; background_size=&#8220;initial&#8220; background_position=&#8220;top_left&#8220; background_repeat=&#8220;repeat&#8220; column_structure=&#8220;2_3,1_3&#8243;][et_pb_column type=&#8220;2_3&#8243; _builder_version=&#8220;3.25&#8243; custom_padding=&#8220;|||&#8220; custom_padding__hover=&#8220;|||&#8220;][et_pb_text admin_label=&#8220;Text&#8220; _builder_version=&#8220;4.4.1&#8243; background_size=&#8220;initial&#8220; background_position=&#8220;top_left&#8220; background_repeat=&#8220;repeat&#8220;]<h1>Vzd\u00e1len\u00e1 technick\u00e1 pomoc p\u0159es Supremo<\/h1>\n<p><a href=\"https:\/\/www.supremocontrol.com\/download.aspx?file=Supremo.exe&amp;id_sw=7&amp;ws=supremocontrol.com\">ST\u00c1HNOUT SUPREMO<\/a><\/p>\n<p><strong>\u00a0D\u00edky Supremo se dok\u00e1\u017eeme vzd\u00e1len\u011b p\u0159ipojit k Va\u0161emu po\u010d\u00edta\u010di, vy\u0159e\u0161\u00edme tak V\u00e1\u0161 probl\u00e9m na d\u00e1lku<br \/><\/strong><\/p>\n<p>M\u016f\u017eeme V\u00e1m pomoci nap\u0159\u00edklad s :<strong><\/strong><\/p>\n<p><strong><\/strong><\/p>\n<ul>\n<li>nastaven\u00ed IP adresy (Windows XP, Windows\u00a07, Windows 8, Windows 10)<\/li>\n<li>zji\u0161t\u011bn\u00ed IP adresy a DNS serveru<\/li>\n<li>nastaven\u00ed DNS serveru (Windows XP, Windows 7, Windows 8, Windows 10)<\/li>\n<li>nastaven\u00ed p\u0159\u00edchoz\u00ed a odchoz\u00ed po\u0161ty SMTP, IMAP (MS Outlook)<\/li>\n<\/ul>\n<p><a href=\"http:\/\/profilan.cz\/#contact\">Kontaktujte<\/a> n\u00e1s v p\u0159\u00edpad\u011b po\u017eadavku\u00a0podpory.<\/p>[\/et_pb_text][\/et_pb_column][et_pb_column type=&#8220;1_3&#8243; _builder_version=&#8220;3.25&#8243; custom_padding=&#8220;|||&#8220; custom_padding__hover=&#8220;|||&#8220;][et_pb_text _builder_version=&#8220;4.4.1&#8243; hover_enabled=&#8220;0&#8243; custom_padding=&#8220;5px|5px|5px|5px|false|false&#8220; background_color=&#8220;rgba(214,214,214,0.65)&#8220; text_font=&#8220;|600|||||||&#8220; text_text_color=&#8220;#000000&#8243; text_orientation=&#8220;center&#8220; header_text_align=&#8220;center&#8220;]<h3>Vzd\u00e1len\u00e1 pomoc<\/h3>\n<p style=\"text-align: left;\">Zrovna pracujete s\u00a0na\u0161\u00edm syst\u00e9mem a nev\u00edte si rady? Nechce se V\u00e1m slo\u017eit\u011b popisovat, v\u00a0\u010dem je probl\u00e9m a n\u00e1pov\u011bda ml\u010d\u00ed? Pus\u0165te n\u00e1s k\u00a0tomu.<\/p>\n<p style=\"text-align: left;\">Nainstalujte a spus\u0165te si <strong>modul vzd\u00e1len\u00e9 podpory<\/strong> <span style=\"color: #ff0000;\">Supremo<\/span> a b\u011bhem chvilky se mrkneme na to, s\u00a0\u010d\u00edm pot\u0159ebujete poradit.<\/p>[\/et_pb_text][et_pb_button button_text=&#8220;St\u00e1hnout modul vzd\u00e1len\u00e9 podpory Supremo &#8220; _builder_version=&#8220;4.4.1&#8243; button_alignment=&#8220;center&#8220; custom_padding=&#8220;||0px||false|false&#8220; button_url=&#8220;https:\/\/www.supremocontrol.com\/download.aspx?file=Supremo.exe&#038;id_sw=7&#038;ws=supremocontrol.com&#8220; hover_enabled=&#8220;0&#8243;][\/et_pb_button][\/et_pb_column][\/et_pb_row][\/et_pb_section]\n","protected":false},"excerpt":{"rendered":"<p>Vzd\u00e1len\u00e1 technick\u00e1 pomoc p\u0159es Supremo ST\u00c1HNOUT SUPREMO \u00a0D\u00edky Supremo se dok\u00e1\u017eeme vzd\u00e1len\u011b p\u0159ipojit k Va\u0161emu po\u010d\u00edta\u010di, vy\u0159e\u0161\u00edme tak V\u00e1\u0161 probl\u00e9m na d\u00e1lku M\u016f\u017eeme V\u00e1m pomoci nap\u0159\u00edklad s : nastaven\u00ed IP adresy (Windows XP, Windows\u00a07, Windows 8, Windows 10) zji\u0161t\u011bn\u00ed IP adresy a DNS serveru nastaven\u00ed DNS serveru (Windows XP, Windows 7, Windows 8, Windows 10) [&hellip;]<\/p>\n","protected":false},"author":4,"featured_media":0,"parent":0,"menu_order":0,"comment_status":"closed","ping_status":"closed","template":"","meta":{"_et_pb_use_builder":"on","_et_pb_old_content":"","_et_gb_content_width":""},"_links":{"self":[{"href":"https:\/\/profilan.cz\/index.php?rest_route=\/wp\/v2\/pages\/341"}],"collection":[{"href":"https:\/\/profilan.cz\/index.php?rest_route=\/wp\/v2\/pages"}],"about":[{"href":"https:\/\/profilan.cz\/index.php?rest_route=\/wp\/v2\/types\/page"}],"author":[{"embeddable":true,"href":"https:\/\/profilan.cz\/index.php?rest_route=\/wp\/v2\/users\/4"}],"replies":[{"embeddable":true,"href":"https:\/\/profilan.cz\/index.php?rest_route=%2Fwp%2Fv2%2Fcomments&post=341"}],"version-history":[{"count":6,"href":"https:\/\/profilan.cz\/index.php?rest_route=\/wp\/v2\/pages\/341\/revisions"}],"predecessor-version":[{"id":350,"href":"https:\/\/profilan.cz\/index.php?rest_route=\/wp\/v2\/pages\/341\/revisions\/350"}],"wp:attachment":[{"href":"https:\/\/profilan.cz\/index.php?rest_route=%2Fwp%2Fv2%2Fmedia&parent=341"}],"curies":[{"name":"wp","href":"https:\/\/api.w.org\/{rel}","templated":true}]}}