{"id":191,"date":"2017-03-19T17:09:21","date_gmt":"2017-03-19T16:09:21","guid":{"rendered":"http:\/\/profilan.cz\/?page_id=191"},"modified":"2017-03-21T09:45:45","modified_gmt":"2017-03-21T08:45:45","slug":"uvod","status":"publish","type":"page","link":"https:\/\/profilan.cz\/","title":{"rendered":"\u00davod"},"content":{"rendered":"<p>[et_pb_section bb_built=&#8220;1&#8243; admin_label=&#8220;section&#8220; background_image=&#8220;http:\/\/profilan.cz\/wp-content\/uploads\/2017\/03\/back-profilan.jpg&#8220; background_color=&#8220;#f7f7f7&#8243; inner_shadow=&#8220;on&#8220; parallax=&#8220;on&#8220; fullwidth=&#8220;on&#8220;][et_pb_fullwidth_header admin_label=&#8220;Fullwidth Header&#8220; title=&#8220;Profilan &#8211; jsme na va\u0161\u00ed stran\u011b &#8220; text_orientation=&#8220;center&#8220; title_font_size=&#8220;42px&#8220; \/][\/et_pb_section][et_pb_section bb_built=&#8220;1&#8243; admin_label=&#8220;section&#8220;][et_pb_row admin_label=&#8220;row&#8220;][et_pb_column type=&#8220;1_4&#8243;][et_pb_blurb admin_label=&#8220;Blurb&#8220; title=&#8220;IT slu\u017eby&#8220; use_icon=&#8220;on&#8220; font_icon=&#8220;%%322%%&#8220; icon_color=&#8220;#a8a8a8&#8243; use_circle=&#8220;on&#8220; circle_color=&#8220;#ffffff&#8220; use_circle_border=&#8220;on&#8220; circle_border_color=&#8220;#e0e0e0&#8243; text_orientation=&#8220;center&#8220; url=&#8220;http:\/\/profilan.cz\/?page_id=85&#8243;]<\/p>\n<p>Nastav\u00edme v\u00e1m procesy a \u0159e\u0161en\u00ed na m\u00edru tak, aby va\u0161e<br \/>\nextern\u00ed IT napl\u0148ovalo va\u0161e business pot\u0159eby. Nasd\u00edl\u00edme<br \/>\nv\u00e1m profesion\u00e1ly, kte\u0159\u00ed dok\u00e1\u017ei \u0159e\u0161it specifick\u00e9 situace.<\/p>\n<p>[\/et_pb_blurb][\/et_pb_column][et_pb_column type=&#8220;1_4&#8243;][et_pb_blurb admin_label=&#8220;Blurb&#8220; title=&#8220;Digit\u00e1ln\u00ed televize&#8220; use_icon=&#8220;on&#8220; font_icon=&#8220;%%330%%&#8220; icon_color=&#8220;#a8a8a8&#8243; use_circle=&#8220;on&#8220; circle_color=&#8220;#ffffff&#8220; use_circle_border=&#8220;on&#8220; circle_border_color=&#8220;#e0e0e0&#8243; text_orientation=&#8220;center&#8220; url=&#8220;http:\/\/profilan.cz\/?page_id=53&#8243;]<\/p>\n<p>IPTV neboli televize p\u0159es internetov\u00fd protokol je syst\u00e9m, kde jsou slu\u017eby digit\u00e1ln\u00ed televize \u0161\u00ed\u0159eny prost\u0159ednictv\u00edm IP protokolu p\u0159es po\u010d\u00edta\u010dov\u00e9 s\u00edt\u011b<\/p>\n<p>[\/et_pb_blurb][\/et_pb_column][et_pb_column type=&#8220;1_4&#8243;][et_pb_blurb admin_label=&#8220;Blurb&#8220; title=&#8220;Vol\u00e1n\u00ed p\u0159es internet&#8220; use_icon=&#8220;on&#8220; font_icon=&#8220;%%222%%&#8220; icon_color=&#8220;#a8a8a8&#8243; use_circle=&#8220;on&#8220; circle_color=&#8220;#ffffff&#8220; use_circle_border=&#8220;on&#8220; circle_border_color=&#8220;#e0e0e0&#8243; text_orientation=&#8220;center&#8220; url=&#8220;http:\/\/profilan.cz\/?page_id=51&#8243;]<\/p>\n<p><span class=\"st\">Levn\u00e9 <em>VoIP<\/em> telefonov\u00e1n\u00ed na pevn\u00e9 linky a mobiln\u00ed telefony v \u010cR a do zahrani\u010d\u00ed.<\/span><\/p>\n<p>[\/et_pb_blurb][\/et_pb_column][et_pb_column type=&#8220;1_4&#8243;][et_pb_blurb admin_label=&#8220;Blurb&#8220; title=&#8220;Internet pro v\u00e1s&#8220; use_icon=&#8220;on&#8220; font_icon=&#8220;%%335%%&#8220; icon_color=&#8220;#a8a8a8&#8243; use_circle=&#8220;on&#8220; circle_color=&#8220;#ffffff&#8220; use_circle_border=&#8220;on&#8220; circle_border_color=&#8220;#e0e0e0&#8243; text_orientation=&#8220;center&#8220; url=&#8220;http:\/\/profilan.cz\/?page_id=49&#8243;]<\/p>\n<p><span class=\"info\">Poskytujeme bezdr\u00e1tov\u00e9 p\u0159ipojen\u00ed k internetu a vol\u00e1n\u00ed po internetu VoIP. Zam\u011b\u0159ujeme se p\u0159edev\u0161\u00edm na bezdr\u00e1tov\u00e9 p\u0159ipojen\u00ed k internetu.<\/span><\/p>\n<p>[\/et_pb_blurb][\/et_pb_column][\/et_pb_row][\/et_pb_section][et_pb_section bb_built=&#8220;1&#8243; admin_label=&#8220;Sekce&#8220; fullwidth=&#8220;off&#8220; specialty=&#8220;off&#8220; transparent_background=&#8220;off&#8220; background_color=&#8220;#e8e8e8&#8243; allow_player_pause=&#8220;off&#8220; inner_shadow=&#8220;off&#8220; parallax=&#8220;off&#8220; parallax_method=&#8220;on&#8220; make_fullwidth=&#8220;off&#8220; use_custom_width=&#8220;off&#8220; width_unit=&#8220;on&#8220; make_equal=&#8220;off&#8220; use_custom_gutter=&#8220;off&#8220;][et_pb_row admin_label=&#8220;\u0158\u00e1dek&#8220;][et_pb_column type=&#8220;4_4&#8243;][et_pb_cta admin_label=&#8220;Call To Action&#8220; title=&#8220;Mezi na\u0161e z\u00e1kazn\u00edky pat\u0159\u00ed tak\u00e9 :&#8220; button_url=&#8220;http:\/\/profilan.cz\/?page_id=145&#8243; button_text=&#8220;Zeptejte se n\u00e1s&#8220; background_color=&#8220;#2ea3f2&#8243; url_new_window=&#8220;off&#8220; use_background_color=&#8220;on&#8220; background_layout=&#8220;dark&#8220; text_orientation=&#8220;center&#8220; use_border_color=&#8220;off&#8220; border_color=&#8220;#ffffff&#8220; border_style=&#8220;solid&#8220; custom_button=&#8220;off&#8220; button_letter_spacing=&#8220;0&#8243; button_use_icon=&#8220;default&#8220; button_icon_placement=&#8220;right&#8220; button_on_hover=&#8220;on&#8220; button_letter_spacing_hover=&#8220;0&#8243;]<\/p>\n<p>Za\u0159a\u010fte se i Vy k na\u0161im spokojen\u00fdm z\u00e1kazn\u00edk\u016fm<\/p>\n<p>[\/et_pb_cta][\/et_pb_column][\/et_pb_row][et_pb_row admin_label=&#8220;\u0158\u00e1dek&#8220;][et_pb_column type=&#8220;1_4&#8243;][et_pb_image admin_label=&#8220;Obr\u00e1zek&#8220; src=&#8220;http:\/\/profilan.cz\/wp-content\/uploads\/2016\/04\/aptech-1.png&#8220; show_in_lightbox=&#8220;off&#8220; url_new_window=&#8220;off&#8220; use_overlay=&#8220;off&#8220; animation=&#8220;left&#8220; sticky=&#8220;off&#8220; align=&#8220;left&#8220; force_fullwidth=&#8220;off&#8220; always_center_on_mobile=&#8220;on&#8220; use_border_color=&#8220;off&#8220; border_color=&#8220;#ffffff&#8220; border_style=&#8220;solid&#8220; \/][\/et_pb_column][et_pb_column type=&#8220;1_4&#8243;][et_pb_image admin_label=&#8220;Obr\u00e1zek&#8220; src=&#8220;http:\/\/profilan.cz\/wp-content\/uploads\/2016\/04\/eneza-png-1.png&#8220; show_in_lightbox=&#8220;off&#8220; url_new_window=&#8220;off&#8220; use_overlay=&#8220;off&#8220; animation=&#8220;left&#8220; sticky=&#8220;off&#8220; align=&#8220;left&#8220; force_fullwidth=&#8220;off&#8220; always_center_on_mobile=&#8220;on&#8220; use_border_color=&#8220;off&#8220; border_color=&#8220;#ffffff&#8220; border_style=&#8220;solid&#8220; \/][\/et_pb_column][et_pb_column type=&#8220;1_4&#8243;][et_pb_image admin_label=&#8220;Obr\u00e1zek&#8220; src=&#8220;http:\/\/profilan.cz\/wp-content\/uploads\/2016\/04\/mepac-e1461327272519-1.jpg&#8220; show_in_lightbox=&#8220;off&#8220; url_new_window=&#8220;off&#8220; use_overlay=&#8220;off&#8220; animation=&#8220;left&#8220; sticky=&#8220;off&#8220; align=&#8220;left&#8220; force_fullwidth=&#8220;off&#8220; always_center_on_mobile=&#8220;on&#8220; use_border_color=&#8220;off&#8220; border_color=&#8220;#ffffff&#8220; border_style=&#8220;solid&#8220; \/][\/et_pb_column][et_pb_column type=&#8220;1_4&#8243;][et_pb_image admin_label=&#8220;Obr\u00e1zek&#8220; src=&#8220;http:\/\/www.autobond.cz\/wp-content\/themes\/autobond\/img\/logo.png&#8220; show_in_lightbox=&#8220;off&#8220; url_new_window=&#8220;off&#8220; use_overlay=&#8220;off&#8220; animation=&#8220;left&#8220; sticky=&#8220;off&#8220; align=&#8220;left&#8220; force_fullwidth=&#8220;off&#8220; always_center_on_mobile=&#8220;on&#8220; use_border_color=&#8220;off&#8220; border_color=&#8220;#ffffff&#8220; border_style=&#8220;solid&#8220; \/][et_pb_text admin_label=&#8220;Text&#8220; background_layout=&#8220;light&#8220; text_orientation=&#8220;left&#8220; use_border_color=&#8220;off&#8220; border_color=&#8220;#ffffff&#8220; border_style=&#8220;solid&#8220;]<\/p>\n<p>Autobond Toyota T\u0159inec<\/p>\n<p>[\/et_pb_text][\/et_pb_column][\/et_pb_row][\/et_pb_section]<\/p>\n","protected":false},"excerpt":{"rendered":"<p>Nastav\u00edme v\u00e1m procesy a \u0159e\u0161en\u00ed na m\u00edru tak, aby va\u0161e extern\u00ed IT napl\u0148ovalo va\u0161e business pot\u0159eby. Nasd\u00edl\u00edme v\u00e1m profesion\u00e1ly, kte\u0159\u00ed dok\u00e1\u017ei \u0159e\u0161it specifick\u00e9 situace. IPTV neboli televize p\u0159es internetov\u00fd protokol je syst\u00e9m, kde jsou slu\u017eby digit\u00e1ln\u00ed televize \u0161\u00ed\u0159eny prost\u0159ednictv\u00edm IP protokolu p\u0159es po\u010d\u00edta\u010dov\u00e9 s\u00edt\u011b Levn\u00e9 VoIP telefonov\u00e1n\u00ed na pevn\u00e9 linky a mobiln\u00ed telefony v \u010cR [&hellip;]<\/p>\n","protected":false},"author":4,"featured_media":0,"parent":0,"menu_order":0,"comment_status":"closed","ping_status":"closed","template":"","meta":{"_et_pb_use_builder":"on","_et_pb_old_content":"","_et_gb_content_width":""},"_links":{"self":[{"href":"https:\/\/profilan.cz\/index.php?rest_route=\/wp\/v2\/pages\/191"}],"collection":[{"href":"https:\/\/profilan.cz\/index.php?rest_route=\/wp\/v2\/pages"}],"about":[{"href":"https:\/\/profilan.cz\/index.php?rest_route=\/wp\/v2\/types\/page"}],"author":[{"embeddable":true,"href":"https:\/\/profilan.cz\/index.php?rest_route=\/wp\/v2\/users\/4"}],"replies":[{"embeddable":true,"href":"https:\/\/profilan.cz\/index.php?rest_route=%2Fwp%2Fv2%2Fcomments&post=191"}],"version-history":[{"count":14,"href":"https:\/\/profilan.cz\/index.php?rest_route=\/wp\/v2\/pages\/191\/revisions"}],"predecessor-version":[{"id":303,"href":"https:\/\/profilan.cz\/index.php?rest_route=\/wp\/v2\/pages\/191\/revisions\/303"}],"wp:attachment":[{"href":"https:\/\/profilan.cz\/index.php?rest_route=%2Fwp%2Fv2%2Fmedia&parent=191"}],"curies":[{"name":"wp","href":"https:\/\/api.w.org\/{rel}","templated":true}]}}