{"id":145,"date":"2017-02-06T20:56:57","date_gmt":"2017-02-06T19:56:57","guid":{"rendered":"http:\/\/profilan.cz\/?page_id=145"},"modified":"2025-02-23T20:23:58","modified_gmt":"2025-02-23T19:23:58","slug":"kontakty","status":"publish","type":"page","link":"https:\/\/profilan.cz\/?page_id=145","title":{"rendered":"Kontakty"},"content":{"rendered":"<p>[et_pb_section fb_built=&#8220;1&#8243; inner_shadow=&#8220;on&#8220; fullwidth=&#8220;on&#8220; admin_label=&#8220;section&#8220; _builder_version=&#8220;4.16&#8243; background_color=&#8220;#f7f7f7&#8243; background_image=&#8220;https:\/\/profilan.cz\/wp-content\/uploads\/2017\/03\/back-profilan.jpg&#8220; parallax=&#8220;on&#8220; global_colors_info=&#8220;{}&#8220;][et_pb_fullwidth_header title=&#8220;R\u00e1di odpov\u00edme na Va\u0161e dotazy &#8220; text_orientation=&#8220;center&#8220; content_max_width=&#8220;none&#8220; admin_label=&#8220;Fullwidth Header&#8220; _builder_version=&#8220;4.16&#8243; title_font_size=&#8220;42px&#8220; background_color=&#8220;rgba(255, 255, 255, 0)&#8220; background_layout=&#8220;light&#8220; global_colors_info=&#8220;{}&#8220; button_one_text_size__hover_enabled=&#8220;off&#8220; button_two_text_size__hover_enabled=&#8220;off&#8220; button_one_text_color__hover_enabled=&#8220;off&#8220; button_two_text_color__hover_enabled=&#8220;off&#8220; button_one_border_width__hover_enabled=&#8220;off&#8220; button_two_border_width__hover_enabled=&#8220;off&#8220; button_one_border_color__hover_enabled=&#8220;off&#8220; button_two_border_color__hover_enabled=&#8220;off&#8220; button_one_border_radius__hover_enabled=&#8220;off&#8220; button_two_border_radius__hover_enabled=&#8220;off&#8220; button_one_letter_spacing__hover_enabled=&#8220;off&#8220; button_two_letter_spacing__hover_enabled=&#8220;off&#8220; button_one_bg_color__hover_enabled=&#8220;off&#8220; button_two_bg_color__hover_enabled=&#8220;off&#8220;][\/et_pb_fullwidth_header][\/et_pb_section][et_pb_section fb_built=&#8220;1&#8243; admin_label=&#8220;section&#8220; _builder_version=&#8220;4.16&#8243; global_colors_info=&#8220;{}&#8220;][et_pb_row column_structure=&#8220;1_4,1_4,1_2&#8243; admin_label=&#8220;\u0158\u00e1dek&#8220; _builder_version=&#8220;4.16&#8243; background_size=&#8220;initial&#8220; background_position=&#8220;top_left&#8220; background_repeat=&#8220;repeat&#8220; global_colors_info=&#8220;{}&#8220;][et_pb_column type=&#8220;1_4&#8243; _builder_version=&#8220;4.16&#8243; custom_padding=&#8220;|||&#8220; global_colors_info=&#8220;{}&#8220; custom_padding__hover=&#8220;|||&#8220;][et_pb_text admin_label=&#8220;Text&#8220; _builder_version=&#8220;4.16&#8243; background_size=&#8220;initial&#8220; background_position=&#8220;top_left&#8220; background_repeat=&#8220;repeat&#8220; global_colors_info=&#8220;{}&#8220;]<\/p>\n<p style=\"text-align: center;\">MO BYRTUS s.r.o. &#8211; PROFILAN Group<br \/> MO BYRTUS s.r.o. Starom\u011bstsk\u00e1 478, 739 61 T\u0159inec<\/p>\n<p style=\"text-align: center;\"><strong>Ondrej Byrtus<\/strong><\/p>\n<p style=\"text-align: center;\">mob: 737 211 991<\/p>\n<p style=\"text-align: center;\">ondrej.byrtus@tbbyrtus.cz<\/p>\n<p>[\/et_pb_text][et_pb_image src=&#8220;https:\/\/profilan.cz\/wp-content\/uploads\/2016\/04\/profilan-logo1-1.png&#8220; align=&#8220;center&#8220; align_tablet=&#8220;center&#8220; align_phone=&#8220;&#8220; align_last_edited=&#8220;on|desktop&#8220; admin_label=&#8220;Obr\u00e1zek&#8220; _builder_version=&#8220;4.16&#8243; max_width=&#8220;150px&#8220; animation_style=&#8220;slide&#8220; animation_direction=&#8220;left&#8220; animation_duration=&#8220;500ms&#8220; animation_intensity_slide=&#8220;10%&#8220; use_border_color=&#8220;off&#8220; border_color=&#8220;#ffffff&#8220; border_style=&#8220;solid&#8220; animation=&#8220;left&#8220; sticky=&#8220;off&#8220; always_center_on_mobile=&#8220;on&#8220; global_colors_info=&#8220;{}&#8220;][\/et_pb_image][\/et_pb_column][et_pb_column type=&#8220;1_4&#8243; _builder_version=&#8220;4.16&#8243; custom_padding=&#8220;|||&#8220; global_colors_info=&#8220;{}&#8220; custom_padding__hover=&#8220;|||&#8220;][et_pb_text admin_label=&#8220;Text&#8220; _builder_version=&#8220;4.16&#8243; background_size=&#8220;initial&#8220; background_position=&#8220;top_left&#8220; background_repeat=&#8220;repeat&#8220; global_colors_info=&#8220;{}&#8220;]<\/p>\n<p style=\"text-align: center;\"><strong>Tom\u00e1\u0161 Kornuta<\/strong><\/p>\n<p style=\"text-align: center;\">mob: 777 721 412<\/p>\n<p style=\"text-align: center;\">tomko@profilan.cz<\/p>\n<p>[\/et_pb_text][\/et_pb_column][et_pb_column type=&#8220;1_2&#8243; _builder_version=&#8220;4.16&#8243; custom_padding=&#8220;|||&#8220; global_colors_info=&#8220;{}&#8220; custom_padding__hover=&#8220;|||&#8220;][et_pb_contact_form use_spam_service=&#8220;on&#8220; recaptcha_list=&#8220;Default-0&#8243; email=&#8220;ondrej.byrtus@tbbyrtus.cz&#8220; title=&#8220;Kontaktn\u00ed formul\u00e1\u0159&#8220; custom_message=&#8220;Dotaz od  :    %%name%%||et_pb_line_break_holder||Email  :    %%email%%||et_pb_line_break_holder||Telefon  :    %%telefon%%||et_pb_line_break_holder||||et_pb_line_break_holder||Dotaz: ||et_pb_line_break_holder||<\/p>\n<p>%%message%%<\/p>\n<p>&#8220; success_message=&#8220;Dotaz byl odesl\u00e1n, d\u011bkujeme.&#8220; admin_label=&#8220;Kontaktn\u00ed formul\u00e1\u0159&#8220; module_id=&#8220;et_pb_contact_form_0&#8243; _builder_version=&#8220;4.27.4&#8243; _unique_id=&#8220;db7de3e0-0240-44d6-958c-b0ea0af00ec7&#8243; form_field_background_color=&#8220;#ffffff&#8220; form_field_text_color=&#8220;#0c71c3&#8243; title_text_color=&#8220;#ffffff&#8220; background_color=&#8220;#6b6b6b&#8220; custom_button=&#8220;on&#8220; button_bg_color=&#8220;#ffffff&#8220; custom_padding=&#8220;6px|10px|6px|10px|false|false&#8220; hover_enabled=&#8220;0&#8243; custom_css_main_element=&#8220;color: #fff;&#8220; global_colors_info=&#8220;{}&#8220; sticky_enabled=&#8220;0&#8243;][et_pb_contact_field field_id=&#8220;Name&#8220; field_title=&#8220;Jm\u00e9no&#8220; _builder_version=&#8220;4.16&#8243; global_colors_info=&#8220;{}&#8220; button_text_size__hover_enabled=&#8220;off&#8220; button_one_text_size__hover_enabled=&#8220;off&#8220; button_two_text_size__hover_enabled=&#8220;off&#8220; button_text_color__hover_enabled=&#8220;off&#8220; button_one_text_color__hover_enabled=&#8220;off&#8220; button_two_text_color__hover_enabled=&#8220;off&#8220; button_border_width__hover_enabled=&#8220;off&#8220; button_one_border_width__hover_enabled=&#8220;off&#8220; button_two_border_width__hover_enabled=&#8220;off&#8220; button_border_color__hover_enabled=&#8220;off&#8220; button_one_border_color__hover_enabled=&#8220;off&#8220; button_two_border_color__hover_enabled=&#8220;off&#8220; button_border_radius__hover_enabled=&#8220;off&#8220; button_one_border_radius__hover_enabled=&#8220;off&#8220; button_two_border_radius__hover_enabled=&#8220;off&#8220; button_letter_spacing__hover_enabled=&#8220;off&#8220; button_one_letter_spacing__hover_enabled=&#8220;off&#8220; button_two_letter_spacing__hover_enabled=&#8220;off&#8220; button_bg_color__hover_enabled=&#8220;off&#8220; button_one_bg_color__hover_enabled=&#8220;off&#8220; button_two_bg_color__hover_enabled=&#8220;off&#8220;][\/et_pb_contact_field][et_pb_contact_field field_id=&#8220;Email&#8220; field_title=&#8220;E-mailov\u00e1 adresa&#8220; field_type=&#8220;email&#8220; _builder_version=&#8220;4.27.4&#8243; hover_enabled=&#8220;0&#8243; global_colors_info=&#8220;{}&#8220; button_text_size__hover_enabled=&#8220;off&#8220; button_one_text_size__hover_enabled=&#8220;off&#8220; button_two_text_size__hover_enabled=&#8220;off&#8220; button_text_color__hover_enabled=&#8220;off&#8220; button_one_text_color__hover_enabled=&#8220;off&#8220; button_two_text_color__hover_enabled=&#8220;off&#8220; button_border_width__hover_enabled=&#8220;off&#8220; button_one_border_width__hover_enabled=&#8220;off&#8220; button_two_border_width__hover_enabled=&#8220;off&#8220; button_border_color__hover_enabled=&#8220;off&#8220; button_one_border_color__hover_enabled=&#8220;off&#8220; button_two_border_color__hover_enabled=&#8220;off&#8220; button_border_radius__hover_enabled=&#8220;off&#8220; button_one_border_radius__hover_enabled=&#8220;off&#8220; button_two_border_radius__hover_enabled=&#8220;off&#8220; button_letter_spacing__hover_enabled=&#8220;off&#8220; button_one_letter_spacing__hover_enabled=&#8220;off&#8220; button_two_letter_spacing__hover_enabled=&#8220;off&#8220; button_bg_color__hover_enabled=&#8220;off&#8220; button_one_bg_color__hover_enabled=&#8220;off&#8220; button_two_bg_color__hover_enabled=&#8220;off&#8220; sticky_enabled=&#8220;0&#8243;][\/et_pb_contact_field][et_pb_contact_field field_id=&#8220;telefon&#8220; field_title=&#8220;Telefon&#8220; fullwidth_field=&#8220;on&#8220; _builder_version=&#8220;4.16&#8243; global_colors_info=&#8220;{}&#8220;][\/et_pb_contact_field][et_pb_contact_field field_id=&#8220;Message&#8220; field_title=&#8220;Zpr\u00e1va&#8220; field_type=&#8220;text&#8220; fullwidth_field=&#8220;on&#8220; _builder_version=&#8220;4.16&#8243; global_colors_info=&#8220;{}&#8220; button_text_size__hover_enabled=&#8220;off&#8220; button_one_text_size__hover_enabled=&#8220;off&#8220; button_two_text_size__hover_enabled=&#8220;off&#8220; button_text_color__hover_enabled=&#8220;off&#8220; button_one_text_color__hover_enabled=&#8220;off&#8220; button_two_text_color__hover_enabled=&#8220;off&#8220; button_border_width__hover_enabled=&#8220;off&#8220; button_one_border_width__hover_enabled=&#8220;off&#8220; button_two_border_width__hover_enabled=&#8220;off&#8220; button_border_color__hover_enabled=&#8220;off&#8220; button_one_border_color__hover_enabled=&#8220;off&#8220; button_two_border_color__hover_enabled=&#8220;off&#8220; button_border_radius__hover_enabled=&#8220;off&#8220; button_one_border_radius__hover_enabled=&#8220;off&#8220; button_two_border_radius__hover_enabled=&#8220;off&#8220; button_letter_spacing__hover_enabled=&#8220;off&#8220; button_one_letter_spacing__hover_enabled=&#8220;off&#8220; button_two_letter_spacing__hover_enabled=&#8220;off&#8220; button_bg_color__hover_enabled=&#8220;off&#8220; button_one_bg_color__hover_enabled=&#8220;off&#8220; button_two_bg_color__hover_enabled=&#8220;off&#8220;][\/et_pb_contact_field][\/et_pb_contact_form][\/et_pb_column][\/et_pb_row][\/et_pb_section][et_pb_section fb_built=&#8220;1&#8243; admin_label=&#8220;Sekce&#8220; _builder_version=&#8220;4.16&#8243; background_color=&#8220;#ededed&#8220; transparent_background=&#8220;off&#8220; make_fullwidth=&#8220;off&#8220; use_custom_width=&#8220;off&#8220; width_unit=&#8220;on&#8220; global_colors_info=&#8220;{}&#8220;][et_pb_row admin_label=&#8220;\u0158\u00e1dek&#8220; _builder_version=&#8220;4.16&#8243; background_size=&#8220;initial&#8220; background_position=&#8220;top_left&#8220; background_repeat=&#8220;repeat&#8220; global_colors_info=&#8220;{}&#8220;][et_pb_column type=&#8220;4_4&#8243; _builder_version=&#8220;4.16&#8243; custom_padding=&#8220;|||&#8220; global_colors_info=&#8220;{}&#8220; custom_padding__hover=&#8220;|||&#8220;][et_pb_text admin_label=&#8220;Text&#8220; _builder_version=&#8220;4.16&#8243; background_size=&#8220;initial&#8220; background_position=&#8220;top_left&#8220; background_repeat=&#8220;repeat&#8220; use_border_color=&#8220;off&#8220; border_color=&#8220;#ffffff&#8220; border_style=&#8220;solid&#8220; global_colors_info=&#8220;{}&#8220;]<\/p>\n<h1 style=\"text-align: center;\">Va\u0161e nej\u010dast\u011bj\u0161\u00ed dotazy<\/h1>\n<p>[\/et_pb_text][\/et_pb_column][\/et_pb_row][et_pb_row admin_label=&#8220;\u0158\u00e1dek&#8220; _builder_version=&#8220;4.16&#8243; background_size=&#8220;initial&#8220; background_position=&#8220;top_left&#8220; background_repeat=&#8220;repeat&#8220; global_colors_info=&#8220;{}&#8220;][et_pb_column type=&#8220;4_4&#8243; _builder_version=&#8220;4.16&#8243; custom_padding=&#8220;|||&#8220; global_colors_info=&#8220;{}&#8220; custom_padding__hover=&#8220;|||&#8220;][et_pb_accordion admin_label=&#8220;Rozbalovac\u00ed z\u00e1lo\u017eky&#8220; _builder_version=&#8220;4.16&#8243; use_border_color=&#8220;off&#8220; border_color=&#8220;#ffffff&#8220; border_style=&#8220;solid&#8220; global_colors_info=&#8220;{}&#8220;][et_pb_accordion_item title=&#8220;Co je to VOIP?&#8220; open=&#8220;on&#8220; _builder_version=&#8220;4.16&#8243; global_colors_info=&#8220;{}&#8220;]Odpov\u011b\u010f. Odpov\u011b\u010f. Odpov\u011b\u010f. Odpov\u011b\u010f. Odpov\u011b\u010f. Odpov\u011b\u010f. Odpov\u011b\u010f. Odpov\u011b\u010f. Odpov\u011b\u010f. Odpov\u011b\u010f. Odpov\u011b\u010f. Odpov\u011b\u010f. Odpov\u011b\u010f.\u00a0Odpov\u011b\u010f.\u00a0Odpov\u011b\u010f.\u00a0Odpov\u011b\u010f.\u00a0Odpov\u011b\u010f.<\/p>\n<p><img class=\"size-medium wp-image-118 aligncenter\" src=\"https:\/\/profilan.cz\/wp-content\/uploads\/2016\/05\/laptop-1-300x212.png\" alt=\"\" width=\"300\" height=\"212\" srcset=\"https:\/\/profilan.cz\/wp-content\/uploads\/2016\/05\/laptop-1-300x212.png 300w, https:\/\/profilan.cz\/wp-content\/uploads\/2016\/05\/laptop-1.png 694w\" sizes=\"(max-width: 300px) 100vw, 300px\" \/><br \/>\n[\/et_pb_accordion_item][et_pb_accordion_item title=&#8220;Co je to IPTV ?&#8220; _builder_version=&#8220;4.16&#8243; global_colors_info=&#8220;{}&#8220; open=&#8220;off&#8220;]Odpov\u011b\u010f. Odpov\u011b\u010f. Odpov\u011b\u010f<\/p>\n<p><img class=\"wp-image-82 aligncenter\" src=\"https:\/\/profilan.cz\/wp-content\/uploads\/2016\/04\/voip-1.png\" alt=\"\" width=\"66\" height=\"66\" srcset=\"https:\/\/profilan.cz\/wp-content\/uploads\/2016\/04\/voip-1.png 256w, https:\/\/profilan.cz\/wp-content\/uploads\/2016\/04\/voip-1-150x150.png 150w\" sizes=\"(max-width: 66px) 100vw, 66px\" \/><\/p>\n<p>Odpov\u011b\u010f.\u00a0Odpov\u011b\u010f.\u00a0Odpov\u011b\u010f.\u00a0Odpov\u011b\u010f.\u00a0Odpov\u011b\u010f.\u00a0Odpov\u011b\u010f.\u00a0Odpov\u011b\u010f.\u00a0Odpov\u011b\u010f.\u00a0Odpov\u011b\u010f.\u00a0Odpov\u011b\u010f.\u00a0Odpov\u011b\u010f.\u00a0Odpov\u011b\u010f.\u00a0Odpov\u011b\u010f.<br \/>\n[\/et_pb_accordion_item][et_pb_accordion_item title=&#8220;Co m\u016f\u017eou obsahovat IT slu\u017eby?&#8220; _builder_version=&#8220;4.16&#8243; global_colors_info=&#8220;{}&#8220; open=&#8220;off&#8220;]Odpov\u011b\u010f. Odpov\u011b\u010f. Odpov\u011b\u010f<\/p>\n<p><img class=\"wp-image-82 aligncenter\" src=\"https:\/\/profilan.cz\/wp-content\/uploads\/2016\/04\/voip-1.png\" alt=\"\" width=\"66\" height=\"66\" srcset=\"https:\/\/profilan.cz\/wp-content\/uploads\/2016\/04\/voip-1.png 256w, https:\/\/profilan.cz\/wp-content\/uploads\/2016\/04\/voip-1-150x150.png 150w\" sizes=\"(max-width: 66px) 100vw, 66px\" \/><\/p>\n<p>Odpov\u011b\u010f.\u00a0Odpov\u011b\u010f.\u00a0Odpov\u011b\u010f.\u00a0Odpov\u011b\u010f.\u00a0Odpov\u011b\u010f.\u00a0Odpov\u011b\u010f.\u00a0Odpov\u011b\u010f.\u00a0Odpov\u011b\u010f.\u00a0Odpov\u011b\u010f.\u00a0Odpov\u011b\u010f.\u00a0Odpov\u011b\u010f.\u00a0Odpov\u011b\u010f.\u00a0Odpov\u011b\u010f.<br \/>\n[\/et_pb_accordion_item][et_pb_accordion_item title=&#8220;Ot\u00e1zka \u010d.4&#8243; _builder_version=&#8220;4.16&#8243; global_colors_info=&#8220;{}&#8220; open=&#8220;off&#8220;]Odpov\u011b\u010f. Odpov\u011b\u010f. Odpov\u011b\u010f. Odpov\u011b\u010f. Odpov\u011b\u010f. Odpov\u011b\u010f. Odpov\u011b\u010f. Odpov\u011b\u010f. Odpov\u011b\u010f. Odpov\u011b\u010f. Odpov\u011b\u010f. Odpov\u011b\u010f. Odpov\u011b\u010f.\u00a0Odpov\u011b\u010f.\u00a0Odpov\u011b\u010f.\u00a0Odpov\u011b\u010f.\u00a0Odpov\u011b\u010f.<\/p>\n<p><img class=\"wp-image-119 aligncenter\" src=\"https:\/\/profilan.cz\/wp-content\/uploads\/2016\/05\/phone-1-300x146.png\" alt=\"\" width=\"179\" height=\"87\" srcset=\"https:\/\/profilan.cz\/wp-content\/uploads\/2016\/05\/phone-1-300x146.png 300w, https:\/\/profilan.cz\/wp-content\/uploads\/2016\/05\/phone-1.png 362w\" sizes=\"(max-width: 179px) 100vw, 179px\" \/><br \/>\n[\/et_pb_accordion_item][et_pb_accordion_item title=&#8220;Ot\u00e1zka \u010d.5&#8243; _builder_version=&#8220;4.16&#8243; global_colors_info=&#8220;{}&#8220; open=&#8220;off&#8220;]Odpov\u011b\u010f. Odpov\u011b\u010f. Odpov\u011b\u010f. Odpov\u011b\u010f. Odpov\u011b\u010f. Odpov\u011b\u010f. Odpov\u011b\u010f. Odpov\u011b\u010f. Odpov\u011b\u010f. Odpov\u011b\u010f. Odpov\u011b\u010f. Odpov\u011b\u010f. Odpov\u011b\u010f.\u00a0Odpov\u011b\u010f.\u00a0Odpov\u011b\u010f.\u00a0Odpov\u011b\u010f.\u00a0Odpov\u011b\u010f.<\/p>\n<p><img class=\"wp-image-119 aligncenter\" src=\"https:\/\/profilan.cz\/wp-content\/uploads\/2016\/05\/phone-1-300x146.png\" alt=\"\" width=\"179\" height=\"87\" srcset=\"https:\/\/profilan.cz\/wp-content\/uploads\/2016\/05\/phone-1-300x146.png 300w, https:\/\/profilan.cz\/wp-content\/uploads\/2016\/05\/phone-1.png 362w\" sizes=\"(max-width: 179px) 100vw, 179px\" \/><br \/>\n[\/et_pb_accordion_item][et_pb_accordion_item title=&#8220;Ot\u00e1zka \u010d.6&#8243; _builder_version=&#8220;4.16&#8243; global_colors_info=&#8220;{}&#8220; open=&#8220;off&#8220;]<img class=\" wp-image-121 aligncenter\" src=\"https:\/\/profilan.cz\/wp-content\/uploads\/2016\/05\/tv-1-300x192.png\" alt=\"\" width=\"136\" height=\"87\" srcset=\"https:\/\/profilan.cz\/wp-content\/uploads\/2016\/05\/tv-1-300x192.png 300w, https:\/\/profilan.cz\/wp-content\/uploads\/2016\/05\/tv-1.png 520w\" sizes=\"(max-width: 136px) 100vw, 136px\" \/><\/p>\n<p>Odpov\u011b\u010f.\u00a0Odpov\u011b\u010f.\u00a0Odpov\u011b\u010f.\u00a0Odpov\u011b\u010f.\u00a0Odpov\u011b\u010f.\u00a0Odpov\u011b\u010f.\u00a0Odpov\u011b\u010f.\u00a0Odpov\u011b\u010f.\u00a0Odpov\u011b\u010f.\u00a0Odpov\u011b\u010f.\u00a0Odpov\u011b\u010f.\u00a0Odpov\u011b\u010f.\u00a0Odpov\u011b\u010f.<br \/>\n[\/et_pb_accordion_item][\/et_pb_accordion][\/et_pb_column][\/et_pb_row][\/et_pb_section]<\/p>\n","protected":false},"excerpt":{"rendered":"<p>MO BYRTUS s.r.o. &#8211; PROFILAN Group MO BYRTUS s.r.o. Starom\u011bstsk\u00e1 478, 739 61 T\u0159inec Ondrej Byrtus mob: 737 211 991 ondrej.byrtus@tbbyrtus.cz Tom\u00e1\u0161 Kornuta mob: 777 721 412 tomko@profilan.cz Va\u0161e nej\u010dast\u011bj\u0161\u00ed dotazy Odpov\u011b\u010f. Odpov\u011b\u010f. Odpov\u011b\u010f. Odpov\u011b\u010f. Odpov\u011b\u010f. Odpov\u011b\u010f. Odpov\u011b\u010f. Odpov\u011b\u010f. Odpov\u011b\u010f. Odpov\u011b\u010f. Odpov\u011b\u010f. Odpov\u011b\u010f. Odpov\u011b\u010f.\u00a0Odpov\u011b\u010f.\u00a0Odpov\u011b\u010f.\u00a0Odpov\u011b\u010f.\u00a0Odpov\u011b\u010f. Odpov\u011b\u010f. Odpov\u011b\u010f. Odpov\u011b\u010f Odpov\u011b\u010f.\u00a0Odpov\u011b\u010f.\u00a0Odpov\u011b\u010f.\u00a0Odpov\u011b\u010f.\u00a0Odpov\u011b\u010f.\u00a0Odpov\u011b\u010f.\u00a0Odpov\u011b\u010f.\u00a0Odpov\u011b\u010f.\u00a0Odpov\u011b\u010f.\u00a0Odpov\u011b\u010f.\u00a0Odpov\u011b\u010f.\u00a0Odpov\u011b\u010f.\u00a0Odpov\u011b\u010f. Odpov\u011b\u010f. Odpov\u011b\u010f. Odpov\u011b\u010f Odpov\u011b\u010f.\u00a0Odpov\u011b\u010f.\u00a0Odpov\u011b\u010f.\u00a0Odpov\u011b\u010f.\u00a0Odpov\u011b\u010f.\u00a0Odpov\u011b\u010f.\u00a0Odpov\u011b\u010f.\u00a0Odpov\u011b\u010f.\u00a0Odpov\u011b\u010f.\u00a0Odpov\u011b\u010f.\u00a0Odpov\u011b\u010f.\u00a0Odpov\u011b\u010f.\u00a0Odpov\u011b\u010f. Odpov\u011b\u010f. Odpov\u011b\u010f. Odpov\u011b\u010f. [&hellip;]<\/p>\n","protected":false},"author":4,"featured_media":0,"parent":0,"menu_order":7,"comment_status":"closed","ping_status":"closed","template":"","meta":{"_et_pb_use_builder":"on","_et_pb_old_content":"<p>Ondrej Byrtus\u00a0\u00a0\u00a0\u00a0\u00a0\u00a0\u00a0\u00a0\u00a0\u00a0\u00a0\u00a0\u00a0\u00a0\u00a0\u00a0\u00a0\u00a0\u00a0\u00a0\u00a0\u00a0\u00a0\u00a0\u00a0\u00a0\u00a0\u00a0\u00a0\u00a0\u00a0\u00a0\u00a0\u00a0\u00a0\u00a0\u00a0\u00a0\u00a0\u00a0\u00a0\u00a0\u00a0\u00a0\u00a0\u00a0\u00a0\u00a0\u00a0\u00a0\u00a0\u00a0\u00a0\u00a0\u00a0\u00a0\u00a0\u00a0\u00a0\u00a0\u00a0\u00a0\u00a0\u00a0\u00a0\u00a0\u00a0\u00a0\u00a0\u00a0 Tom\u00e1\u0161 Kornuta<br \/> mob: 737 211 991\u00a0\u00a0\u00a0\u00a0\u00a0\u00a0\u00a0\u00a0\u00a0\u00a0\u00a0\u00a0\u00a0\u00a0\u00a0\u00a0\u00a0\u00a0\u00a0\u00a0\u00a0\u00a0\u00a0\u00a0\u00a0\u00a0\u00a0\u00a0\u00a0\u00a0\u00a0\u00a0\u00a0\u00a0\u00a0\u00a0\u00a0\u00a0\u00a0\u00a0\u00a0\u00a0\u00a0\u00a0\u00a0\u00a0\u00a0\u00a0\u00a0\u00a0\u00a0\u00a0\u00a0\u00a0\u00a0\u00a0\u00a0\u00a0\u00a0\u00a0\u00a0\u00a0\u00a0\u00a0mob: 777 721 412<\/p><p>ondrej.byrtus@tbbyrtus.cz\u00a0\u00a0\u00a0\u00a0\u00a0\u00a0\u00a0\u00a0\u00a0\u00a0\u00a0\u00a0\u00a0\u00a0\u00a0\u00a0\u00a0\u00a0\u00a0\u00a0\u00a0\u00a0\u00a0\u00a0\u00a0\u00a0\u00a0\u00a0\u00a0\u00a0\u00a0\u00a0\u00a0\u00a0\u00a0\u00a0\u00a0\u00a0\u00a0\u00a0\u00a0\u00a0\u00a0\u00a0 tomko@profilan.cz<\/p>","_et_gb_content_width":""},"_links":{"self":[{"href":"https:\/\/profilan.cz\/index.php?rest_route=\/wp\/v2\/pages\/145"}],"collection":[{"href":"https:\/\/profilan.cz\/index.php?rest_route=\/wp\/v2\/pages"}],"about":[{"href":"https:\/\/profilan.cz\/index.php?rest_route=\/wp\/v2\/types\/page"}],"author":[{"embeddable":true,"href":"https:\/\/profilan.cz\/index.php?rest_route=\/wp\/v2\/users\/4"}],"replies":[{"embeddable":true,"href":"https:\/\/profilan.cz\/index.php?rest_route=%2Fwp%2Fv2%2Fcomments&post=145"}],"version-history":[{"count":35,"href":"https:\/\/profilan.cz\/index.php?rest_route=\/wp\/v2\/pages\/145\/revisions"}],"predecessor-version":[{"id":436,"href":"https:\/\/profilan.cz\/index.php?rest_route=\/wp\/v2\/pages\/145\/revisions\/436"}],"wp:attachment":[{"href":"https:\/\/profilan.cz\/index.php?rest_route=%2Fwp%2Fv2%2Fmedia&parent=145"}],"curies":[{"name":"wp","href":"https:\/\/api.w.org\/{rel}","templated":true}]}}